{"id":23,"date":"2023-10-18T15:19:09","date_gmt":"2023-10-18T15:19:09","guid":{"rendered":"https:\/\/zarikahuir.com\/pt\/?page_id=23"},"modified":"2023-10-18T17:27:04","modified_gmt":"2023-10-18T17:27:04","slug":"termos-e-condicoes","status":"publish","type":"page","link":"https:\/\/zarikahuir.com\/pt\/termos-e-condicoes\/","title":{"rendered":"Termos e Condi\u00e7\u00f5es"},"content":{"rendered":"<style>.kb-row-layout-wrap.wp-block-kadence-rowlayout.kb-row-layout-id23_03acea-6f{margin-top:0px;margin-bottom:0px;}.kb-row-layout-id23_03acea-6f > .kt-row-column-wrap{align-content:start;}:where(.kb-row-layout-id23_03acea-6f > .kt-row-column-wrap) > .wp-block-kadence-column{justify-content:start;}.kb-row-layout-id23_03acea-6f > .kt-row-column-wrap{column-gap:var(--global-kb-gap-md, 2rem);row-gap:var(--global-kb-gap-md, 2rem);max-width:var( --global-content-width, 1440px );padding-left:var(--global-content-edge-padding);padding-right:var(--global-content-edge-padding);padding-top:96px;padding-bottom:80px;grid-template-columns:minmax(0, 1fr);}.kb-row-layout-id23_03acea-6f > .kt-row-layout-overlay{opacity:0.30;}@media all and (max-width: 1024px){.kb-row-layout-wrap.wp-block-kadence-rowlayout.kb-row-layout-id23_03acea-6f{margin-top:var(--global-kb-spacing-xl, 4rem);margin-bottom:var(--global-kb-spacing-xl, 4rem);}}@media all and (max-width: 1024px){.kb-row-layout-id23_03acea-6f > .kt-row-column-wrap{padding-top:226px;grid-template-columns:minmax(0, 1fr);}}@media all and (max-width: 767px){.kb-row-layout-wrap.wp-block-kadence-rowlayout.kb-row-layout-id23_03acea-6f{margin-bottom:var(--global-kb-spacing-xs, 1rem);}.kb-row-layout-id23_03acea-6f > .kt-row-column-wrap{padding-top:168px;grid-template-columns:minmax(0, 1fr);}}<\/style><div class=\"kb-row-layout-wrap kb-row-layout-id23_03acea-6f alignnone wp-block-kadence-rowlayout\"><div class=\"kt-row-column-wrap kt-has-1-columns kt-row-layout-equal kt-tab-layout-inherit kt-mobile-layout-row kt-row-valign-top kb-theme-content-width\">\n<style>.kadence-column23_e25246-19 > .kt-inside-inner-col,.kadence-column23_e25246-19 > .kt-inside-inner-col:before{border-top-left-radius:0px;border-top-right-radius:0px;border-bottom-right-radius:0px;border-bottom-left-radius:0px;}.kadence-column23_e25246-19 > .kt-inside-inner-col{column-gap:var(--global-kb-gap-sm, 1rem);}.kadence-column23_e25246-19 > .kt-inside-inner-col{flex-direction:column;}.kadence-column23_e25246-19 > .kt-inside-inner-col > .aligncenter{width:100%;}.kadence-column23_e25246-19 > .kt-inside-inner-col:before{opacity:0.3;}.kadence-column23_e25246-19{position:relative;}@media all and (max-width: 1024px){.kadence-column23_e25246-19 > .kt-inside-inner-col{flex-direction:column;justify-content:center;}}@media all and (max-width: 767px){.kadence-column23_e25246-19 > .kt-inside-inner-col{flex-direction:column;justify-content:center;}}<\/style>\n<div class=\"wp-block-kadence-column kadence-column23_e25246-19\"><div class=\"kt-inside-inner-col\"><style>.wp-block-kadence-advancedheading.kt-adv-heading23_8d8b50-d6, .wp-block-kadence-advancedheading.kt-adv-heading23_8d8b50-d6[data-kb-block=\"kb-adv-heading23_8d8b50-d6\"]{padding-bottom:var(--global-kb-spacing-xl, 4rem);font-style:normal;}.wp-block-kadence-advancedheading.kt-adv-heading23_8d8b50-d6 mark.kt-highlight, .wp-block-kadence-advancedheading.kt-adv-heading23_8d8b50-d6[data-kb-block=\"kb-adv-heading23_8d8b50-d6\"] mark.kt-highlight{font-style:normal;color:#f76a0c;-webkit-box-decoration-break:clone;box-decoration-break:clone;padding-top:0px;padding-right:0px;padding-bottom:0px;padding-left:0px;}.wp-block-kadence-advancedheading.kt-adv-heading23_8d8b50-d6 img.kb-inline-image, .wp-block-kadence-advancedheading.kt-adv-heading23_8d8b50-d6[data-kb-block=\"kb-adv-heading23_8d8b50-d6\"] img.kb-inline-image{width:150px;vertical-align:baseline;}<\/style>\n<h1 class=\"kt-adv-heading23_8d8b50-d6 wp-block-kadence-advancedheading\" data-kb-block=\"kb-adv-heading23_8d8b50-d6\">Termos e Condi\u00e7\u00f5es<\/h1>\n\n\n\n<h2 class=\"wp-block-heading\">1. Identifica\u00e7\u00e3o do respons\u00e1vel pelo site<\/h2>\n\n\n\n<p>Nos termos da&nbsp;<a href=\"https:\/\/www.boe.es\/buscar\/act.php?id=BOE-A-1999-23750\" target=\"_blank\" rel=\"noreferrer noopener\">Lei Org\u00e2nica 15\/1999, de 13 de dezembro<\/a>&nbsp;, de Prote\u00e7\u00e3o de Dados Pessoais, e do disposto na&nbsp;<a href=\"https:\/\/www.boe.es\/buscar\/act.php?id=BOE-A-2002-13758\" target=\"_blank\" rel=\"noreferrer noopener\">Lei 34\/2002, de 11 de julho<\/a>&nbsp;, de Servi\u00e7os da Sociedade da Informa\u00e7\u00e3o e Com\u00e9rcio Eletr\u00f3nico, informamos que os dados pessoais que possam aparecer nesta comunica\u00e7\u00e3o ser\u00e3o incorporados a um arquivo de responsabilidade de ZarikAhuir.com.&nbsp;O objetivo deste site \u00e9 gerar conte\u00fado informativo \u00e0 disposi\u00e7\u00e3o dos usu\u00e1rios para criar canais de informa\u00e7\u00e3o, opini\u00e3o e colabora\u00e7\u00e3o.<\/p>\n\n\n\n<p>Voc\u00ea tamb\u00e9m pode entrar em contato conosco enviando um email para&nbsp;info@zarikahuir.com&nbsp;.<\/p>\n\n\n\n<h2 class=\"wp-block-heading\">2. Objetivo<\/h2>\n\n\n\n<p>Este AVISO LEGAL regula os direitos e obriga\u00e7\u00f5es de ZarikAhuir.com e dos usu\u00e1rios em rela\u00e7\u00e3o ao acesso, navega\u00e7\u00e3o e utiliza\u00e7\u00e3o deste site, sem preju\u00edzo de que ZarikAhuir.com se reserva o direito de modificar, sem aviso pr\u00e9vio, seu conte\u00fado, sendo estes aqueles que s\u00e3o publicados no momento preciso da navega\u00e7\u00e3o.<\/p>\n\n\n\n<p>Ao navegar, visualizar e utilizar este site, voc\u00ea adquire a condi\u00e7\u00e3o de usu\u00e1rio, pelo que implica a sua aceita\u00e7\u00e3o expressa de todas as cl\u00e1usulas que indicamos neste Aviso Legal, bem como dos restantes avisos ou cl\u00e1usulas espec\u00edficas estabelecidas no diferentes se\u00e7\u00f5es para contrata\u00e7\u00e3o, uso de servi\u00e7os, produtos, registros ou se\u00e7\u00f5es da P\u00e1gina.<\/p>\n\n\n\n<p>Portanto, caso n\u00e3o aceite as cl\u00e1usulas estabelecidas neste Aviso Legal, dever\u00e1 abster-se de acessar e\/ou utilizar os servi\u00e7os e\/ou conte\u00fados que lhe sejam disponibilizados na P\u00e1gina, procedendo a abandon\u00e1-la.<\/p>\n\n\n\n<p>ZarikAhuir.com poder\u00e1 encerrar, suspender ou interromper, a qualquer momento e sem aviso pr\u00e9vio, o acesso ao conte\u00fado da p\u00e1gina, sem que o Usu\u00e1rio possa exigir qualquer indeniza\u00e7\u00e3o.<\/p>\n\n\n\n<h2 class=\"wp-block-heading\">3. Acesso ao site<\/h2>\n\n\n\n<p>Como usu\u00e1rio do nosso site, voc\u00ea concorda em n\u00e3o utilizar a P\u00e1gina para realizar atividades contr\u00e1rias \u00e0 lei, \u00e0 moral, \u00e0 ordem p\u00fablica e, em geral, utiliz\u00e1-la de acordo com as condi\u00e7\u00f5es estabelecidas neste Aviso Legal.&nbsp;Da mesma forma, voc\u00ea concorda em n\u00e3o realizar atividades publicit\u00e1rias ou de explora\u00e7\u00e3o comercial enviando mensagens que utilizem identidade falsa.<\/p>\n\n\n\n<p>ZarikAhuir.com atua exclusivamente como respons\u00e1vel pela P\u00e1gina na sua qualidade de fornecedor de um servi\u00e7o de informa\u00e7\u00e3o e conte\u00fado, seja em servi\u00e7os pr\u00f3prios ou em servi\u00e7os de terceiros com os quais tenha celebrado acordos, n\u00e3o sendo respons\u00e1vel pelos conte\u00fados que, em Contraven\u00e7\u00e3o destas condi\u00e7\u00f5es, os usu\u00e1rios poder\u00e3o enviar ou publicar, sendo o usu\u00e1rio o \u00fanico respons\u00e1vel pela sua veracidade e legalidade.<\/p>\n\n\n\n<p>ZarikAhuir.com poder\u00e1 interromper o servi\u00e7o da P\u00e1gina que est\u00e1 sendo utilizada pelo usu\u00e1rio e resolver imediatamente a rela\u00e7\u00e3o com o usu\u00e1rio caso detecte o uso da P\u00e1gina ou de algum dos servi\u00e7os nela oferecidos que possa considerar contr\u00e1rio ao que est\u00e1 expresso em este Aviso Legal.<\/p>\n\n\n\n<p>O conte\u00fado dos servi\u00e7os oferecidos e a sua utiliza\u00e7\u00e3o est\u00e3o limitados a utilizadores maiores de 18 anos.&nbsp;ZarikAhuir.com lembra aos usu\u00e1rios maiores de idade respons\u00e1veis \u200b\u200bpor menores que ser\u00e1 de sua exclusiva responsabilidade determinar quais servi\u00e7os e\/ou conte\u00fados n\u00e3o s\u00e3o apropriados para a idade destes \u00faltimos.&nbsp;Caso ocorra o acesso e registo de um menor, presumir-se-\u00e1 que o referido acesso ocorreu com a autoriza\u00e7\u00e3o pr\u00e9via e expressa dos seus pais, tutores ou representantes legais, reservando-se ZarikAhuir.com o direito de realizar quaisquer verifica\u00e7\u00f5es e verifica\u00e7\u00f5es que considere adequadas a este respeito.<\/p>\n\n\n\n<p>ZarikAhuir.com informa que existem programas de computador que permitem filtrar e bloquear o acesso a determinados conte\u00fados e servi\u00e7os, para que os pais ou respons\u00e1veis, por exemplo, possam decidir quais conte\u00fados e servi\u00e7os da Internet os menores podem acessar e quais t\u00eam acesso e quais t\u00eam acesso. n\u00e3o.<\/p>\n\n\n\n<p>Em nenhum caso ZarikAhuir.com ser\u00e1 respons\u00e1vel pela veracidade dos dados fornecidos pelos usu\u00e1rios, portanto cada um deles ser\u00e1 o \u00fanico respons\u00e1vel por garantir que as informa\u00e7\u00f5es fornecidas a ZarikAhuir.com sejam adequadas, exatas, atualizadas e precisas ou, se for o caso, Pelo contr\u00e1rio, das poss\u00edveis consequ\u00eancias que poderiam advir da falta de qualidade e veracidade dos dados.<\/p>\n\n\n\n<h2 class=\"wp-block-heading\">4. Propriedade intelectual e industrial<\/h2>\n\n\n\n<p>A totalidade desta P\u00e1gina: textos, imagens, marcas, gr\u00e1ficos, logotipos, bot\u00f5es, arquivos de software, combina\u00e7\u00f5es de cores, bem como a estrutura, sele\u00e7\u00e3o, disposi\u00e7\u00e3o e apresenta\u00e7\u00e3o de seu conte\u00fado, est\u00e1 protegida pelas leis de Propriedade Intelectual e Industrial, \u00e9 proibida a sua reprodu\u00e7\u00e3o, distribui\u00e7\u00e3o, comunica\u00e7\u00e3o p\u00fablica e transforma\u00e7\u00e3o, exceto para uso pessoal e privado.<\/p>\n\n\n\n<p>ZarikAhuir.com n\u00e3o garante que os conte\u00fados sejam precisos ou isentos de erros ou que a livre utiliza\u00e7\u00e3o dos mesmos pelo usu\u00e1rio n\u00e3o infrinja os direitos de terceiros.&nbsp;A boa ou m\u00e1 utiliza\u00e7\u00e3o desta p\u00e1gina e do seu conte\u00fado \u00e9 da responsabilidade do utilizador.<\/p>\n\n\n\n<p>Da mesma forma, \u00e9 proibida a reprodu\u00e7\u00e3o, retransmiss\u00e3o, c\u00f3pia, transfer\u00eancia ou redistribui\u00e7\u00e3o de toda ou parte da informa\u00e7\u00e3o contida na P\u00e1gina, independentemente da sua finalidade e dos meios utilizados para tal, sem autoriza\u00e7\u00e3o pr\u00e9via de ZarikAhuir.com.<\/p>\n\n\n\n<h2 class=\"wp-block-heading\">5. Links<\/h2>\n\n\n\n<p>Conforme indicado acima, nossa p\u00e1gina, al\u00e9m de links de produtos, pode incluir links para p\u00e1ginas de terceiros.&nbsp;Reiteramos que as p\u00e1ginas pertencentes a estes terceiros n\u00e3o foram revistas nem est\u00e3o sujeitas a controlos por parte de ZarikAhuir.com, pelo que ZarikAhuir.com n\u00e3o pode ser responsabilizada pelo conte\u00fado desses sites, nem pelas medidas adotadas em rela\u00e7\u00e3o aos mesmos. privacidade.&nbsp;nem ao tratamento dos seus dados pessoais ou de quaisquer outros dados que possam surgir.<\/p>\n\n\n\n<p>ZarikAhuir.com recomenda a leitura atenta das condi\u00e7\u00f5es de uso, pol\u00edtica de privacidade, avisos legais e\/ou similares destes sites.<\/p>\n\n\n\n<p>Se voc\u00ea estiver interessado em ativar um link para alguma das p\u00e1ginas ZarikAhuir.com, dever\u00e1 comunic\u00e1-lo, obtendo consentimento expresso para criar o link.&nbsp;ZarikAhuir.com reserva-se o direito de se opor \u00e0 ativa\u00e7\u00e3o de links para seu site.<\/p>\n\n\n\n<h2 class=\"wp-block-heading\">6. Limita\u00e7\u00e3o de responsabilidade<\/h2>\n\n\n\n<p><strong>ZarikAhuir.com n\u00e3o ser\u00e1 respons\u00e1vel direta ou indiretamente por:<\/strong><\/p>\n\n\n\n<ul class=\"wp-block-list\">\n<li>A qualidade do servi\u00e7o, a rapidez de acesso, o correto funcionamento, a disponibilidade ou continuidade do Site.<\/li>\n\n\n\n<li>Qualquer dano que possa ser causado ao equipamento do usu\u00e1rio devido ao uso da P\u00e1gina.<\/li>\n\n\n\n<li>Os casos em que um terceiro, violando as medidas de seguran\u00e7a estabelecidas, acede \u00e0s mensagens ou as utiliza para enviar v\u00edrus inform\u00e1ticos.<\/li>\n\n\n\n<li>Os defeitos e defeitos de todo o tipo de conte\u00fados transmitidos, divulgados, armazenados ou disponibilizados.<\/li>\n\n\n\n<li>A legalidade, fiabilidade e utilidade dos conte\u00fados que os utilizadores transmitem com a utiliza\u00e7\u00e3o da p\u00e1gina ou dos servi\u00e7os nela oferecidos, bem como a sua veracidade ou exatid\u00e3o.&nbsp;ZarikAhuir.com n\u00e3o controla o uso que os usu\u00e1rios fazem da P\u00e1gina, nem garante que o fa\u00e7am de acordo com o disposto neste Aviso Legal.<\/li>\n<\/ul>\n\n\n\n<p><strong>A t\u00edtulo de exemplo e n\u00e3o limitativo, o usu\u00e1rio ser\u00e1 respons\u00e1vel por<\/strong><\/p>\n\n\n\n<ul class=\"wp-block-list\">\n<li>Dos conte\u00fados por eles inseridos, especialmente os dados e informa\u00e7\u00f5es inseridos e enviados \u00e0 Empresa atrav\u00e9s da P\u00e1gina ou na P\u00e1gina.<\/li>\n\n\n\n<li>Realizar qualquer tipo de a\u00e7\u00e3o nas p\u00e1ginas de terceiros, ou a\u00e7\u00f5es ilegais, lesivas de direitos, lesivas e\/ou lesivas.<\/li>\n\n\n\n<li>O n\u00e3o cumprimento de qualquer uma das obriga\u00e7\u00f5es acima por parte do usu\u00e1rio pode levar \u00e0 ado\u00e7\u00e3o de medidas adequadas protegidas por lei e no exerc\u00edcio de seus direitos ou obriga\u00e7\u00f5es, e ZarikAhuir.com pode levar \u00e0 elimina\u00e7\u00e3o ou bloqueio da conta do infrator. usu\u00e1rio, sem possibilidade de qualquer indeniza\u00e7\u00e3o pelos danos causados.<\/li>\n<\/ul>\n\n\n\n<h2 class=\"wp-block-heading\">7. Pol\u00edtica de privacidade e prote\u00e7\u00e3o de dados<\/h2>\n\n\n\n<p>De acordo com o disposto na Lei Org\u00e2nica 15\/1999, de 13 de dezembro, de Prote\u00e7\u00e3o de Dados Pessoais, todos os dados pessoais fornecidos durante a utiliza\u00e7\u00e3o da nossa p\u00e1gina ser\u00e3o tratados de acordo com o disposto na <a href=\"https:\/\/zarikahuir.com\/pt\/politica-de-privacidade\/\" data-type=\"page\" data-id=\"21\">Pol\u00edtica de Privacidade<\/a> que todo Usu\u00e1rio&nbsp;deve&nbsp;expressamente aceitar antes de fornecer os seus dados pessoais atrav\u00e9s dos diferentes formul\u00e1rios que lhes s\u00e3o disponibilizados nas sec\u00e7\u00f5es da nossa p\u00e1gina.<\/p>\n\n\n\n<p>ZarikAhuir.com adota as medidas t\u00e9cnicas e organizacionais necess\u00e1rias para garantir a seguran\u00e7a dos dados pessoais contidos, de forma a evitar a sua altera\u00e7\u00e3o, perda, tratamento ou acesso n\u00e3o autorizado, tendo em conta o estado da tecnologia, a natureza dos dados e os riscos aos quais est\u00e3o expostos, e gerencia adequadamente seu ambiente de servidores, possuindo uma infraestrutura de firewall com estrita conformidade.<\/p>\n\n\n\n<p>Pode exercer os seus direitos de acesso, retifica\u00e7\u00e3o, oposi\u00e7\u00e3o e cancelamento enviando um email para:&nbsp;info@zarikahuir.com&nbsp;, indicando no t\u00edtulo: PROTE\u00c7\u00c3O DE DADOS.<\/p>\n\n\n\n<p>O usu\u00e1rio ser\u00e1 o \u00fanico respons\u00e1vel pela veracidade dos dados fornecidos a ZarikAhuir.com.<\/p>\n\n\n\n<h2 class=\"wp-block-heading\">8. Pol\u00edtica de cookies<\/h2>\n\n\n\n<p>De acordo com o disposto na legisla\u00e7\u00e3o em vigor relativamente \u00e0 utiliza\u00e7\u00e3o de cookies, a utiliza\u00e7\u00e3o de cookies ser\u00e1 tratada de acordo com o disposto na sec\u00e7\u00e3o denominada Pol\u00edtica de Cookies que existe neste documento e que todo utilizador deve ler e aceitar.&nbsp;e\/ou limite durante a sua navega\u00e7\u00e3o, conforme expressamente informado no banner de cookies do nosso site e nas informa\u00e7\u00f5es adicionais mostradas sobre o uso de cookies nele.&nbsp;O usu\u00e1rio poder\u00e1 limitar o download de COOKIES&nbsp;<strong><\/strong>nas op\u00e7\u00f5es do navegador.<\/p>\n\n\n\n<h2 class=\"wp-block-heading\">9. Legisla\u00e7\u00e3o aplic\u00e1vel e jurisdi\u00e7\u00e3o competente<\/h2>\n\n\n\n<p>Este Aviso Legal est\u00e1 escrito em espanhol e est\u00e1 sujeito \u00e0 legisla\u00e7\u00e3o espanhola vigente, que ser\u00e1 aplic\u00e1vel em assuntos n\u00e3o previstos neste documento em mat\u00e9ria de interpreta\u00e7\u00e3o, validade e execu\u00e7\u00e3o.&nbsp;ZarikAhuir.com e o Usu\u00e1rio, renunciando expressamente a qualquer outro foro, submetem-se aos Tribunais e Tribunais do domic\u00edlio do Usu\u00e1rio para qualquer controv\u00e9rsia que possa surgir.&nbsp;No caso de o Utilizador estar domiciliado fora de Espanha, ZarikAhuir.com e o Utilizador submetem-se, com ren\u00fancia expressa a qualquer outro foro, aos tribunais e tribunais de Barcelona, \u200b\u200b\u200b\u200bEspanha.<\/p>\n\n\n\n<p>Utilizamos cookies pr\u00f3prios e de terceiros para oferecer nossos servi\u00e7os, coletar informa\u00e7\u00f5es estat\u00edsticas e incluir publicidade.&nbsp;Se continuar navegando, voc\u00ea aceita sua instala\u00e7\u00e3o e utiliza\u00e7\u00e3o.&nbsp;Voc\u00ea pode alterar suas configura\u00e7\u00f5es ou obter mais informa\u00e7\u00f5es em nossa&nbsp;<a href=\"https:\/\/zarikahuir.com\/pt\/politica-de-privacidade\/\" data-type=\"page\" data-id=\"21\">Pol\u00edtica de Privacidade<\/a>.<\/p>\n<\/div><\/div>\n\n<\/div><\/div>","protected":false},"excerpt":{"rendered":"<p>Termos e Condi\u00e7\u00f5es 1. Identifica\u00e7\u00e3o do respons\u00e1vel pelo site Nos termos da&nbsp;Lei Org\u00e2nica 15\/1999, de 13 de dezembro&nbsp;, de Prote\u00e7\u00e3o de Dados Pessoais, e do disposto na&nbsp;Lei 34\/2002, de 11 de julho&nbsp;, de Servi\u00e7os da Sociedade da Informa\u00e7\u00e3o e Com\u00e9rcio Eletr\u00f3nico, informamos que os dados pessoais que possam aparecer nesta comunica\u00e7\u00e3o ser\u00e3o incorporados a um&#8230;<\/p>\n","protected":false},"author":1,"featured_media":0,"parent":0,"menu_order":0,"comment_status":"closed","ping_status":"closed","template":"","meta":{"_kad_blocks_custom_css":"","_kad_blocks_head_custom_js":"","_kad_blocks_body_custom_js":"","_kad_blocks_footer_custom_js":"","_kadence_starter_templates_imported_post":false,"_kad_post_transparent":"","_kad_post_title":"","_kad_post_layout":"","_kad_post_sidebar_id":"","_kad_post_content_style":"","_kad_post_vertical_padding":"","_kad_post_feature":"","_kad_post_feature_position":"","_kad_post_header":false,"_kad_post_footer":false,"_kad_post_classname":"","footnotes":""},"class_list":["post-23","page","type-page","status-publish","hentry"],"taxonomy_info":[],"featured_image_src_large":false,"author_info":{"display_name":"Zarik Ahuir","author_link":"https:\/\/zarikahuir.com\/pt\/author\/zarik-ahuir\/"},"comment_info":0,"_links":{"self":[{"href":"https:\/\/zarikahuir.com\/pt\/wp-json\/wp\/v2\/pages\/23","targetHints":{"allow":["GET"]}}],"collection":[{"href":"https:\/\/zarikahuir.com\/pt\/wp-json\/wp\/v2\/pages"}],"about":[{"href":"https:\/\/zarikahuir.com\/pt\/wp-json\/wp\/v2\/types\/page"}],"author":[{"embeddable":true,"href":"https:\/\/zarikahuir.com\/pt\/wp-json\/wp\/v2\/users\/1"}],"replies":[{"embeddable":true,"href":"https:\/\/zarikahuir.com\/pt\/wp-json\/wp\/v2\/comments?post=23"}],"version-history":[{"count":4,"href":"https:\/\/zarikahuir.com\/pt\/wp-json\/wp\/v2\/pages\/23\/revisions"}],"predecessor-version":[{"id":96,"href":"https:\/\/zarikahuir.com\/pt\/wp-json\/wp\/v2\/pages\/23\/revisions\/96"}],"wp:attachment":[{"href":"https:\/\/zarikahuir.com\/pt\/wp-json\/wp\/v2\/media?parent=23"}],"curies":[{"name":"wp","href":"https:\/\/api.w.org\/{rel}","templated":true}]}}