{"id":21,"date":"2023-10-18T15:15:35","date_gmt":"2023-10-18T15:15:35","guid":{"rendered":"https:\/\/zarikahuir.com\/pt\/?page_id=21"},"modified":"2023-10-18T17:27:18","modified_gmt":"2023-10-18T17:27:18","slug":"politica-de-privacidade","status":"publish","type":"page","link":"https:\/\/zarikahuir.com\/pt\/politica-de-privacidade\/","title":{"rendered":"Pol\u00edtica de Privacidade"},"content":{"rendered":"<style>.kb-row-layout-wrap.wp-block-kadence-rowlayout.kb-row-layout-id21_afd4a9-7d{margin-top:0px;margin-bottom:0px;}.kb-row-layout-id21_afd4a9-7d > .kt-row-column-wrap{align-content:start;}:where(.kb-row-layout-id21_afd4a9-7d > .kt-row-column-wrap) > .wp-block-kadence-column{justify-content:start;}.kb-row-layout-id21_afd4a9-7d > .kt-row-column-wrap{column-gap:var(--global-kb-gap-md, 2rem);row-gap:var(--global-kb-gap-md, 2rem);max-width:var( --global-content-width, 1440px );padding-left:var(--global-content-edge-padding);padding-right:var(--global-content-edge-padding);padding-top:96px;padding-bottom:80px;grid-template-columns:minmax(0, 1fr);}.kb-row-layout-id21_afd4a9-7d > .kt-row-layout-overlay{opacity:0.30;}@media all and (max-width: 1024px){.kb-row-layout-wrap.wp-block-kadence-rowlayout.kb-row-layout-id21_afd4a9-7d{margin-top:var(--global-kb-spacing-xl, 4rem);margin-bottom:var(--global-kb-spacing-xl, 4rem);}}@media all and (max-width: 1024px){.kb-row-layout-id21_afd4a9-7d > .kt-row-column-wrap{padding-top:226px;grid-template-columns:minmax(0, 1fr);}}@media all and (max-width: 767px){.kb-row-layout-wrap.wp-block-kadence-rowlayout.kb-row-layout-id21_afd4a9-7d{margin-bottom:var(--global-kb-spacing-xs, 1rem);}.kb-row-layout-id21_afd4a9-7d > .kt-row-column-wrap{padding-top:168px;grid-template-columns:minmax(0, 1fr);}}<\/style><div class=\"kb-row-layout-wrap kb-row-layout-id21_afd4a9-7d alignnone wp-block-kadence-rowlayout\"><div class=\"kt-row-column-wrap kt-has-1-columns kt-row-layout-equal kt-tab-layout-inherit kt-mobile-layout-row kt-row-valign-top kb-theme-content-width\">\n<style>.kadence-column21_210553-14 > .kt-inside-inner-col,.kadence-column21_210553-14 > .kt-inside-inner-col:before{border-top-left-radius:0px;border-top-right-radius:0px;border-bottom-right-radius:0px;border-bottom-left-radius:0px;}.kadence-column21_210553-14 > .kt-inside-inner-col{column-gap:var(--global-kb-gap-sm, 1rem);}.kadence-column21_210553-14 > .kt-inside-inner-col{flex-direction:column;}.kadence-column21_210553-14 > .kt-inside-inner-col > .aligncenter{width:100%;}.kadence-column21_210553-14 > .kt-inside-inner-col:before{opacity:0.3;}.kadence-column21_210553-14{position:relative;}@media all and (max-width: 1024px){.kadence-column21_210553-14 > .kt-inside-inner-col{flex-direction:column;justify-content:center;}}@media all and (max-width: 767px){.kadence-column21_210553-14 > .kt-inside-inner-col{flex-direction:column;justify-content:center;}}<\/style>\n<div class=\"wp-block-kadence-column kadence-column21_210553-14\"><div class=\"kt-inside-inner-col\"><style>.wp-block-kadence-advancedheading.kt-adv-heading21_bf4e6b-78, .wp-block-kadence-advancedheading.kt-adv-heading21_bf4e6b-78[data-kb-block=\"kb-adv-heading21_bf4e6b-78\"]{padding-bottom:var(--global-kb-spacing-xl, 4rem);font-style:normal;}.wp-block-kadence-advancedheading.kt-adv-heading21_bf4e6b-78 mark.kt-highlight, .wp-block-kadence-advancedheading.kt-adv-heading21_bf4e6b-78[data-kb-block=\"kb-adv-heading21_bf4e6b-78\"] mark.kt-highlight{font-style:normal;color:#f76a0c;-webkit-box-decoration-break:clone;box-decoration-break:clone;padding-top:0px;padding-right:0px;padding-bottom:0px;padding-left:0px;}.wp-block-kadence-advancedheading.kt-adv-heading21_bf4e6b-78 img.kb-inline-image, .wp-block-kadence-advancedheading.kt-adv-heading21_bf4e6b-78[data-kb-block=\"kb-adv-heading21_bf4e6b-78\"] img.kb-inline-image{width:150px;vertical-align:baseline;}<\/style>\n<h1 class=\"kt-adv-heading21_bf4e6b-78 wp-block-kadence-advancedheading\" data-kb-block=\"kb-adv-heading21_bf4e6b-78\">Pol\u00edtica de Privacidade<\/h1>\n\n\n\n<h2 class=\"wp-block-heading\">Quem somos<\/h2>\n\n\n\n<ul class=\"wp-block-list\">\n<li><strong>Endere\u00e7o da web<\/strong>&nbsp;: https:\/\/zarikahuir.com<\/li>\n\n\n\n<li><strong>E-mail<\/strong>&nbsp;:&nbsp;info@zarikahuir.com<\/li>\n\n\n\n<li><strong>Telefone<\/strong>&nbsp;: +351 912 405 592<\/li>\n\n\n\n<li><strong>Morada da empresa<\/strong>&nbsp;: Largo Pir\u00e2mide 3, 2795-156 Linda-a-Velha (Lisboa)<\/li>\n<\/ul>\n\n\n\n<h2 class=\"wp-block-heading\">Coment\u00e1rios<\/h2>\n\n\n\n<p>Quando os visitantes deixam coment\u00e1rios no site, coletamos os dados mostrados no formul\u00e1rio de coment\u00e1rios, e tamb\u00e9m o endere\u00e7o IP do visitante e a string do agente do usu\u00e1rio do navegador para ajudar na detec\u00e7\u00e3o de spam.<\/p>\n\n\n\n<p>Uma string an\u00f4nima criada a partir do seu endere\u00e7o de e-mail (tamb\u00e9m chamada de hash) pode ser fornecida ao servi\u00e7o Gravatar para verificar se voc\u00ea a est\u00e1 usando.&nbsp;A pol\u00edtica de privacidade do servi\u00e7o Gravatar est\u00e1 dispon\u00edvel aqui: https:\/\/automattic.com\/privacy\/.&nbsp;Ap\u00f3s a aprova\u00e7\u00e3o do seu coment\u00e1rio, a imagem do seu perfil fica vis\u00edvel ao p\u00fablico no contexto do seu coment\u00e1rio.<\/p>\n\n\n\n<h2 class=\"wp-block-heading\">Meios de comunica\u00e7\u00e3o<\/h2>\n\n\n\n<p>Se voc\u00ea fizer upload de imagens para o site, evite envi\u00e1-las com dados de localiza\u00e7\u00e3o (EXIF GPS) inclu\u00eddos.&nbsp;Os visitantes do site podem baixar e extrair quaisquer dados de localiza\u00e7\u00e3o das imagens do site.<\/p>\n\n\n\n<h2 class=\"wp-block-heading\">Medios de comunicaci\u00f3n<\/h2>\n\n\n\n<p>Si subes im\u00e1genes al sitio, debes evitar hacerlo con datos de localizaci\u00f3n (GPS EXIF) incluidos. Los visitantes del sitio web pueden descargar y extraer cualquier dato de localizaci\u00f3n de las im\u00e1genes del sitio web.<\/p>\n\n\n\n<h2 class=\"wp-block-heading\">Cookies<\/h2>\n\n\n\n<p>Se deixar um coment\u00e1rio no nosso site, voc\u00ea poder\u00e1 optar por salvar seu nome, endere\u00e7o de e-mail e site nos cookies.&nbsp;Isto \u00e9 para sua conveni\u00eancia, para que voc\u00ea n\u00e3o precise preencher seus dados novamente ao deixar outro coment\u00e1rio.&nbsp;Esses cookies duram um ano.<\/p>\n\n\n\n<p>Se voc\u00ea tiver uma conta e fizer login neste site, definiremos um cookie tempor\u00e1rio para determinar se o seu navegador aceita cookies.&nbsp;Este cookie n\u00e3o cont\u00e9m dados pessoais e \u00e9 eliminado quando fecha o navegador.<\/p>\n\n\n\n<p>Quando voc\u00ea fizer login, tamb\u00e9m definiremos v\u00e1rios cookies para armazenar suas informa\u00e7\u00f5es de login e op\u00e7\u00f5es de exibi\u00e7\u00e3o na tela.&nbsp;Os cookies de login duram dois dias e os cookies de op\u00e7\u00f5es de exibi\u00e7\u00e3o duram um ano.&nbsp;Se voc\u00ea selecionar \u201cLembrar-me\u201d, seus dados de login durar\u00e3o duas semanas.&nbsp;Se voc\u00ea sair da sua conta, seus cookies de login ser\u00e3o exclu\u00eddos.<\/p>\n\n\n\n<p>Se voc\u00ea editar ou publicar um artigo, um cookie adicional ser\u00e1 armazenado no seu navegador.&nbsp;Este cookie n\u00e3o inclui dados pessoais e simplesmente indica o ID do artigo que acabou de editar.&nbsp;Expira ap\u00f3s 1 dia.<\/p>\n\n\n\n<h2 class=\"wp-block-heading\">Conte\u00fado incorporado de outros sites<\/h2>\n\n\n\n<p>Os artigos neste site podem incluir conte\u00fado incorporado (por exemplo, v\u00eddeos, imagens, artigos, etc.).&nbsp;O conte\u00fado incorporado de outros sites se comporta exatamente da mesma forma como se o visitante tivesse visitado o outro site.<\/p>\n\n\n\n<p>Esses sites podem coletar dados sobre voc\u00ea, usar cookies, incorporar rastreamento adicional de terceiros e monitorar sua intera\u00e7\u00e3o com esse conte\u00fado incorporado, incluindo rastrear sua intera\u00e7\u00e3o com o conte\u00fado incorporado se voc\u00ea tiver uma conta e estiver conectado a esse site.<\/p>\n\n\n\n<h2 class=\"wp-block-heading\">Com quem compartilhamos suas informa\u00e7\u00f5es<\/h2>\n\n\n\n<p>Se voc\u00ea solicitar uma redefini\u00e7\u00e3o de senha, seu endere\u00e7o IP ser\u00e1 inclu\u00eddo no e-mail de redefini\u00e7\u00e3o.<\/p>\n\n\n\n<h2 class=\"wp-block-heading\">Por quanto tempo mantemos suas informa\u00e7\u00f5es<\/h2>\n\n\n\n<p>Se voc\u00ea deixar um coment\u00e1rio, o coment\u00e1rio e seus metadados ser\u00e3o retidos indefinidamente.&nbsp;Isso \u00e9 feito para que possamos reconhecer e aprovar coment\u00e1rios subsequentes automaticamente, em vez de mant\u00ea-los em um banco de dados.<\/p>\n<\/div><\/div>\n\n<\/div><\/div>","protected":false},"excerpt":{"rendered":"<p>Pol\u00edtica de Privacidade Quem somos Coment\u00e1rios Quando os visitantes deixam coment\u00e1rios no site, coletamos os dados mostrados no formul\u00e1rio de coment\u00e1rios, e tamb\u00e9m o endere\u00e7o IP do visitante e a string do agente do usu\u00e1rio do navegador para ajudar na detec\u00e7\u00e3o de spam. Uma string an\u00f4nima criada a partir do seu endere\u00e7o de e-mail (tamb\u00e9m&#8230;<\/p>\n","protected":false},"author":1,"featured_media":0,"parent":0,"menu_order":0,"comment_status":"closed","ping_status":"closed","template":"","meta":{"_kad_blocks_custom_css":"","_kad_blocks_head_custom_js":"","_kad_blocks_body_custom_js":"","_kad_blocks_footer_custom_js":"","_kadence_starter_templates_imported_post":false,"_kad_post_transparent":"","_kad_post_title":"","_kad_post_layout":"","_kad_post_sidebar_id":"","_kad_post_content_style":"","_kad_post_vertical_padding":"","_kad_post_feature":"","_kad_post_feature_position":"","_kad_post_header":false,"_kad_post_footer":false,"_kad_post_classname":"","footnotes":""},"class_list":["post-21","page","type-page","status-publish","hentry"],"taxonomy_info":[],"featured_image_src_large":false,"author_info":{"display_name":"Zarik Ahuir","author_link":"https:\/\/zarikahuir.com\/pt\/author\/zarik-ahuir\/"},"comment_info":0,"_links":{"self":[{"href":"https:\/\/zarikahuir.com\/pt\/wp-json\/wp\/v2\/pages\/21","targetHints":{"allow":["GET"]}}],"collection":[{"href":"https:\/\/zarikahuir.com\/pt\/wp-json\/wp\/v2\/pages"}],"about":[{"href":"https:\/\/zarikahuir.com\/pt\/wp-json\/wp\/v2\/types\/page"}],"author":[{"embeddable":true,"href":"https:\/\/zarikahuir.com\/pt\/wp-json\/wp\/v2\/users\/1"}],"replies":[{"embeddable":true,"href":"https:\/\/zarikahuir.com\/pt\/wp-json\/wp\/v2\/comments?post=21"}],"version-history":[{"count":3,"href":"https:\/\/zarikahuir.com\/pt\/wp-json\/wp\/v2\/pages\/21\/revisions"}],"predecessor-version":[{"id":97,"href":"https:\/\/zarikahuir.com\/pt\/wp-json\/wp\/v2\/pages\/21\/revisions\/97"}],"wp:attachment":[{"href":"https:\/\/zarikahuir.com\/pt\/wp-json\/wp\/v2\/media?parent=21"}],"curies":[{"name":"wp","href":"https:\/\/api.w.org\/{rel}","templated":true}]}}