{"id":9,"date":"2023-10-13T10:49:37","date_gmt":"2023-10-13T08:49:37","guid":{"rendered":"https:\/\/zarikahuir.com\/es\/?page_id=9"},"modified":"2023-10-18T16:21:28","modified_gmt":"2023-10-18T15:21:28","slug":"politica-de-privacidad","status":"publish","type":"page","link":"https:\/\/zarikahuir.com\/es\/politica-de-privacidad\/","title":{"rendered":"Pol\u00edtica de Privacidad"},"content":{"rendered":"<style>.kb-row-layout-id9_cf0878-c1 > .kt-row-column-wrap{align-content:start;}:where(.kb-row-layout-id9_cf0878-c1 > .kt-row-column-wrap) > .wp-block-kadence-column{justify-content:start;}.kb-row-layout-id9_cf0878-c1 > .kt-row-column-wrap{column-gap:var(--global-kb-gap-md, 2rem);row-gap:var(--global-kb-gap-md, 2rem);max-width:var( --global-content-width, 1440px );padding-left:var(--global-content-edge-padding);padding-right:var(--global-content-edge-padding);padding-top:224px;padding-bottom:var(--global-kb-spacing-xl, 4rem);grid-template-columns:minmax(0, 1fr);}.kb-row-layout-id9_cf0878-c1 > .kt-row-layout-overlay{opacity:0.30;}@media all and (max-width: 1024px){.kb-row-layout-id9_cf0878-c1 > .kt-row-column-wrap{padding-top:226px;grid-template-columns:minmax(0, 1fr);}}@media all and (max-width: 767px){.kb-row-layout-id9_cf0878-c1 > .kt-row-column-wrap{padding-top:168px;grid-template-columns:minmax(0, 1fr);}}<\/style><div class=\"kb-row-layout-wrap kb-row-layout-id9_cf0878-c1 alignnone wp-block-kadence-rowlayout\"><div class=\"kt-row-column-wrap kt-has-1-columns kt-row-layout-row kt-tab-layout-inherit kt-mobile-layout-row kt-row-valign-top kb-theme-content-width\">\n<style>.kadence-column9_ccce56-61 > .kt-inside-inner-col,.kadence-column9_ccce56-61 > .kt-inside-inner-col:before{border-top-left-radius:0px;border-top-right-radius:0px;border-bottom-right-radius:0px;border-bottom-left-radius:0px;}.kadence-column9_ccce56-61 > .kt-inside-inner-col{column-gap:var(--global-kb-gap-sm, 1rem);}.kadence-column9_ccce56-61 > .kt-inside-inner-col{flex-direction:column;}.kadence-column9_ccce56-61 > .kt-inside-inner-col > .aligncenter{width:100%;}.kadence-column9_ccce56-61 > .kt-inside-inner-col:before{opacity:0.3;}.kadence-column9_ccce56-61{position:relative;}@media all and (max-width: 1024px){.kadence-column9_ccce56-61 > .kt-inside-inner-col{flex-direction:column;justify-content:center;}}@media all and (max-width: 767px){.kadence-column9_ccce56-61 > .kt-inside-inner-col{flex-direction:column;justify-content:center;}}<\/style>\n<div class=\"wp-block-kadence-column kadence-column9_ccce56-61\"><div class=\"kt-inside-inner-col\"><style>.wp-block-kadence-advancedheading.kt-adv-heading9_c1ba9b-ba, .wp-block-kadence-advancedheading.kt-adv-heading9_c1ba9b-ba[data-kb-block=\"kb-adv-heading9_c1ba9b-ba\"]{padding-bottom:var(--global-kb-spacing-xl, 4rem);font-style:normal;}.wp-block-kadence-advancedheading.kt-adv-heading9_c1ba9b-ba mark.kt-highlight, .wp-block-kadence-advancedheading.kt-adv-heading9_c1ba9b-ba[data-kb-block=\"kb-adv-heading9_c1ba9b-ba\"] mark.kt-highlight{font-style:normal;color:#f76a0c;-webkit-box-decoration-break:clone;box-decoration-break:clone;padding-top:0px;padding-right:0px;padding-bottom:0px;padding-left:0px;}.wp-block-kadence-advancedheading.kt-adv-heading9_c1ba9b-ba img.kb-inline-image, .wp-block-kadence-advancedheading.kt-adv-heading9_c1ba9b-ba[data-kb-block=\"kb-adv-heading9_c1ba9b-ba\"] img.kb-inline-image{width:150px;vertical-align:baseline;}<\/style>\n<h1 class=\"kt-adv-heading9_c1ba9b-ba wp-block-kadence-advancedheading\" data-kb-block=\"kb-adv-heading9_c1ba9b-ba\">Pol\u00edtica de Privacidad<\/h1>\n\n\n\n<h2 class=\"wp-block-heading\">Qui\u00e9nes somos<\/h2>\n\n\n\n<ul class=\"wp-block-list\">\n<li><strong>Direcci\u00f3n web<\/strong>: https:\/\/zarikahuir.com<\/li>\n\n\n\n<li><strong>Email<\/strong>: info@zarikahuir.com<\/li>\n\n\n\n<li><strong>Tel\u00e9fono<\/strong>: +351 912 405 592<\/li>\n\n\n\n<li><strong>Direcci\u00f3n de la empresa<\/strong>: Largo Pir\u00e2mide 3, 2795-156 Linda-a-Velha (Lisboa)<\/li>\n<\/ul>\n\n\n\n<h2 class=\"wp-block-heading\">Comentarios<\/h2>\n\n\n\n<p>Cuando los visitantes dejan comentarios en el sitio, recogemos los datos que aparecen en el formulario de comentarios, as\u00ed como la direcci\u00f3n IP del visitante y la cadena de agente de usuario del navegador para ayudar a la detecci\u00f3n de spam.<\/p>\n\n\n\n<p>Una cadena an\u00f3nima creada a partir de su direcci\u00f3n de correo electr\u00f3nico (tambi\u00e9n llamada hash) puede ser proporcionada al servicio Gravatar para saber si usted la est\u00e1 utilizando. La pol\u00edtica de privacidad del servicio Gravatar est\u00e1 disponible aqu\u00ed: https:\/\/automattic.com\/privacy\/. Tras la aprobaci\u00f3n de tu comentario, tu imagen de perfil es visible al p\u00fablico en el contexto de tu comentario.<\/p>\n\n\n\n<h2 class=\"wp-block-heading\">Medios de comunicaci\u00f3n<\/h2>\n\n\n\n<p>Si subes im\u00e1genes al sitio, debes evitar hacerlo con datos de localizaci\u00f3n (GPS EXIF) incluidos. Los visitantes del sitio web pueden descargar y extraer cualquier dato de localizaci\u00f3n de las im\u00e1genes del sitio web.<\/p>\n\n\n\n<h2 class=\"wp-block-heading\">Cookies<\/h2>\n\n\n\n<p>Si deja un comentario en nuestro sitio, puede elegir guardar su nombre, direcci\u00f3n de correo electr\u00f3nico y sitio web en cookies. Esto es para su comodidad, para que no tenga que rellenar sus datos de nuevo cuando deje otro comentario. Estas cookies durar\u00e1n un a\u00f1o.<\/p>\n\n\n\n<p>Si tiene una cuenta e inicia sesi\u00f3n en este sitio, instalaremos una cookie temporal para determinar si su navegador acepta cookies. Esta cookie no contiene datos personales y se borra cuando cierra el navegador.<\/p>\n\n\n\n<p>Cuando inicie sesi\u00f3n, tambi\u00e9n instalaremos varias cookies para almacenar su informaci\u00f3n de inicio de sesi\u00f3n y las opciones de visualizaci\u00f3n en pantalla. Las cookies de inicio de sesi\u00f3n duran dos d\u00edas, y las de opciones de visualizaci\u00f3n duran un a\u00f1o. Si selecciona \u00abRecordarme\u00bb, sus datos de acceso durar\u00e1n dos semanas. Si sale de su cuenta, se borrar\u00e1n sus cookies de acceso.<\/p>\n\n\n\n<p>Si edita o publica un art\u00edculo, se almacenar\u00e1 una cookie adicional en su navegador. Esta cookie no incluye datos personales y simplemente indica el ID del art\u00edculo que acaba de editar. Caduca al cabo de 1 d\u00eda.<\/p>\n\n\n\n<h2 class=\"wp-block-heading\">Contenido incrustado de otros sitios web<\/h2>\n\n\n\n<p>Los art\u00edculos de este sitio pueden incluir contenido incrustado (por ejemplo, v\u00eddeos, im\u00e1genes, art\u00edculos, etc.). El contenido incrustado de otros sitios web se comporta exactamente igual que si el visitante hubiera visitado el otro sitio web.<\/p>\n\n\n\n<p>Estos sitios pueden recopilar datos sobre usted, utilizar cookies, incrustar seguimiento adicional de terceros y supervisar su interacci\u00f3n con ese contenido incrustado, incluido el seguimiento de su interacci\u00f3n con el contenido incrustado si tiene una cuenta y ha iniciado sesi\u00f3n en ese sitio.<\/p>\n\n\n\n<h2 class=\"wp-block-heading\">Con qui\u00e9n compartimos su informaci\u00f3n<\/h2>\n\n\n\n<p>Si solicita un restablecimiento de contrase\u00f1a, su direcci\u00f3n IP se incluir\u00e1 en el correo electr\u00f3nico de restablecimiento.<\/p>\n\n\n\n<h2 class=\"wp-block-heading\">Cu\u00e1nto tiempo conservamos su informaci\u00f3n<\/h2>\n\n\n\n<p>Si deja un comentario, el comentario y sus metadatos se conservan indefinidamente. Esto se hace para que podamos reconocer y aprobar comentarios sucesivos autom\u00e1ticamente, en lugar de mantenerlos en una base de datos.<\/p>\n<\/div><\/div>\n\n<\/div><\/div>","protected":false},"excerpt":{"rendered":"<p>Pol\u00edtica de Privacidad Qui\u00e9nes somos Comentarios Cuando los visitantes dejan comentarios en el sitio, recogemos los datos que aparecen en el formulario de comentarios, as\u00ed como la direcci\u00f3n IP del visitante y la cadena de agente de usuario del navegador para ayudar a la detecci\u00f3n de spam. Una cadena an\u00f3nima creada a partir de su&#8230;<\/p>\n","protected":false},"author":1,"featured_media":0,"parent":0,"menu_order":0,"comment_status":"closed","ping_status":"closed","template":"","meta":{"_kad_blocks_custom_css":"","_kad_blocks_head_custom_js":"","_kad_blocks_body_custom_js":"","_kad_blocks_footer_custom_js":"","_kadence_starter_templates_imported_post":false,"_kad_post_transparent":"","_kad_post_title":"","_kad_post_layout":"","_kad_post_sidebar_id":"","_kad_post_content_style":"","_kad_post_vertical_padding":"","_kad_post_feature":"","_kad_post_feature_position":"","_kad_post_header":false,"_kad_post_footer":false,"_kad_post_classname":"","footnotes":""},"class_list":["post-9","page","type-page","status-publish","hentry"],"taxonomy_info":[],"featured_image_src_large":false,"author_info":{"display_name":"Zarik Ahuir","author_link":"https:\/\/zarikahuir.com\/es\/author\/zarik-ahuir\/"},"comment_info":0,"_links":{"self":[{"href":"https:\/\/zarikahuir.com\/es\/wp-json\/wp\/v2\/pages\/9","targetHints":{"allow":["GET"]}}],"collection":[{"href":"https:\/\/zarikahuir.com\/es\/wp-json\/wp\/v2\/pages"}],"about":[{"href":"https:\/\/zarikahuir.com\/es\/wp-json\/wp\/v2\/types\/page"}],"author":[{"embeddable":true,"href":"https:\/\/zarikahuir.com\/es\/wp-json\/wp\/v2\/users\/1"}],"replies":[{"embeddable":true,"href":"https:\/\/zarikahuir.com\/es\/wp-json\/wp\/v2\/comments?post=9"}],"version-history":[{"count":3,"href":"https:\/\/zarikahuir.com\/es\/wp-json\/wp\/v2\/pages\/9\/revisions"}],"predecessor-version":[{"id":2390,"href":"https:\/\/zarikahuir.com\/es\/wp-json\/wp\/v2\/pages\/9\/revisions\/2390"}],"wp:attachment":[{"href":"https:\/\/zarikahuir.com\/es\/wp-json\/wp\/v2\/media?parent=9"}],"curies":[{"name":"wp","href":"https:\/\/api.w.org\/{rel}","templated":true}]}}