{"id":7,"date":"2023-10-13T10:46:26","date_gmt":"2023-10-13T08:46:26","guid":{"rendered":"https:\/\/zarikahuir.com\/es\/?page_id=7"},"modified":"2024-05-22T12:51:12","modified_gmt":"2024-05-22T11:51:12","slug":"contacto","status":"publish","type":"page","link":"https:\/\/zarikahuir.com\/es\/contacto\/","title":{"rendered":"Contacto"},"content":{"rendered":"<style>.kb-row-layout-id7_c70f5b-f8 > .kt-row-column-wrap{align-content:start;}:where(.kb-row-layout-id7_c70f5b-f8 > .kt-row-column-wrap) > .wp-block-kadence-column{justify-content:start;}.kb-row-layout-id7_c70f5b-f8 > .kt-row-column-wrap{column-gap:var(--global-kb-gap-md, 2rem);row-gap:var(--global-kb-gap-md, 2rem);max-width:var( --global-content-width, 1440px );padding-left:var(--global-content-edge-padding);padding-right:var(--global-content-edge-padding);padding-top:224px;padding-bottom:var(--global-kb-spacing-xl, 4rem);}.kb-row-layout-id7_c70f5b-f8 > .kt-row-column-wrap > div:not(.added-for-specificity){grid-column:initial;}.kb-row-layout-id7_c70f5b-f8 > .kt-row-column-wrap{grid-template-columns:minmax(0, 1fr);}.kb-row-layout-id7_c70f5b-f8 > .kt-row-layout-overlay{opacity:0.30;}@media all and (max-width: 1024px){.kb-row-layout-id7_c70f5b-f8 > .kt-row-column-wrap{padding-top:226px;grid-template-columns:minmax(0, 1fr);}}@media all and (max-width: 1024px){.kb-row-layout-id7_c70f5b-f8 > .kt-row-column-wrap > div:not(.added-for-specificity){grid-column:initial;}}@media all and (max-width: 767px){.kb-row-layout-id7_c70f5b-f8 > .kt-row-column-wrap{padding-top:168px;grid-template-columns:minmax(0, 1fr);}.kb-row-layout-id7_c70f5b-f8 > .kt-row-column-wrap > div:not(.added-for-specificity){grid-column:initial;}}<\/style><div class=\"kb-row-layout-wrap kb-row-layout-id7_c70f5b-f8 alignnone wp-block-kadence-rowlayout\"><div class=\"kt-row-column-wrap kt-has-3-columns kt-row-layout-row kt-tab-layout-inherit kt-mobile-layout-row kt-row-valign-top kb-theme-content-width\">\n<style>.kadence-column7_0e0c40-3d > .kt-inside-inner-col,.kadence-column7_0e0c40-3d > .kt-inside-inner-col:before{border-top-left-radius:0px;border-top-right-radius:0px;border-bottom-right-radius:0px;border-bottom-left-radius:0px;}.kadence-column7_0e0c40-3d > .kt-inside-inner-col{column-gap:var(--global-kb-gap-sm, 1rem);}.kadence-column7_0e0c40-3d > .kt-inside-inner-col{flex-direction:column;}.kadence-column7_0e0c40-3d > .kt-inside-inner-col > .aligncenter{width:100%;}.kadence-column7_0e0c40-3d > .kt-inside-inner-col:before{opacity:0.3;}.kadence-column7_0e0c40-3d{position:relative;}@media all and (max-width: 1024px){.kadence-column7_0e0c40-3d > .kt-inside-inner-col{flex-direction:column;justify-content:center;}}@media all and (max-width: 767px){.kadence-column7_0e0c40-3d > .kt-inside-inner-col{flex-direction:column;justify-content:center;}}<\/style>\n<div class=\"wp-block-kadence-column kadence-column7_0e0c40-3d\"><div class=\"kt-inside-inner-col\">\n<h1 class=\"wp-block-heading\">\u00bfEn qu\u00e9 puedo ayudarte?<\/h1>\n\n\n\n<p>Si tienes alguna pregunta o est\u00e1s interesado en trabajar conmigo, rellena el siguiente formulario.<\/p>\n<\/div><\/div>\n\n\n<style>.kadence-column7_aef302-d7 > .kt-inside-inner-col{padding-top:var(--global-kb-spacing-xl, 4rem);padding-bottom:var(--global-kb-spacing-5xl, 10rem);}.kadence-column7_aef302-d7 > .kt-inside-inner-col,.kadence-column7_aef302-d7 > .kt-inside-inner-col:before{border-top-left-radius:0px;border-top-right-radius:0px;border-bottom-right-radius:0px;border-bottom-left-radius:0px;}.kadence-column7_aef302-d7 > .kt-inside-inner-col{column-gap:var(--global-kb-gap-sm, 1rem);}.kadence-column7_aef302-d7 > .kt-inside-inner-col{flex-direction:column;}.kadence-column7_aef302-d7 > .kt-inside-inner-col > .aligncenter{width:100%;}.kadence-column7_aef302-d7 > .kt-inside-inner-col:before{opacity:0.3;}.kadence-column7_aef302-d7{position:relative;}@media all and (max-width: 1024px){.kadence-column7_aef302-d7 > .kt-inside-inner-col{flex-direction:column;justify-content:center;}}@media all and (max-width: 767px){.kadence-column7_aef302-d7 > .kt-inside-inner-col{flex-direction:column;justify-content:center;}}<\/style>\n<div class=\"wp-block-kadence-column kadence-column7_aef302-d7\"><div class=\"kt-inside-inner-col\"><style>.kb-row-layout-id7_e07e94-f9 > .kt-row-column-wrap{align-content:start;}:where(.kb-row-layout-id7_e07e94-f9 > .kt-row-column-wrap) > .wp-block-kadence-column{justify-content:start;}.kb-row-layout-id7_e07e94-f9 > .kt-row-column-wrap{column-gap:var(--global-kb-gap-md, 2rem);row-gap:var(--global-kb-gap-md, 2rem);padding-top:var(--global-kb-spacing-sm, 1.5rem);padding-bottom:var(--global-kb-spacing-sm, 1.5rem);grid-template-columns:minmax(0, 1fr) minmax(0, 2fr);}.kb-row-layout-id7_e07e94-f9 > .kt-row-layout-overlay{opacity:0.30;}@media all and (max-width: 1024px){.kb-row-layout-id7_e07e94-f9 > .kt-row-column-wrap{grid-template-columns:minmax(0, 1fr) minmax(0, 2fr);}}@media all and (max-width: 767px){.kb-row-layout-id7_e07e94-f9 > .kt-row-column-wrap{grid-template-columns:minmax(0, 1fr);}}<\/style><div class=\"kb-row-layout-wrap kb-row-layout-id7_e07e94-f9 alignnone wp-block-kadence-rowlayout\"><div class=\"kt-row-column-wrap kt-has-2-columns kt-row-layout-right-golden kt-tab-layout-inherit kt-mobile-layout-row kt-row-valign-top\">\n<style>.kadence-column7_496940-7a > .kt-inside-inner-col,.kadence-column7_496940-7a > .kt-inside-inner-col:before{border-top-left-radius:0px;border-top-right-radius:0px;border-bottom-right-radius:0px;border-bottom-left-radius:0px;}.kadence-column7_496940-7a > .kt-inside-inner-col{column-gap:var(--global-kb-gap-sm, 1rem);}.kadence-column7_496940-7a > .kt-inside-inner-col{flex-direction:column;}.kadence-column7_496940-7a > .kt-inside-inner-col > .aligncenter{width:100%;}.kadence-column7_496940-7a > .kt-inside-inner-col:before{opacity:0.3;}.kadence-column7_496940-7a{position:relative;}@media all and (max-width: 1024px){.kadence-column7_496940-7a > .kt-inside-inner-col{flex-direction:column;justify-content:center;}}@media all and (max-width: 767px){.kadence-column7_496940-7a > .kt-inside-inner-col{flex-direction:column;justify-content:center;}}<\/style>\n<div class=\"wp-block-kadence-column kadence-column7_496940-7a\"><div class=\"kt-inside-inner-col\"><style>.wp-block-kadence-advancedheading.kt-adv-heading7_853894-27, .wp-block-kadence-advancedheading.kt-adv-heading7_853894-27[data-kb-block=\"kb-adv-heading7_853894-27\"]{font-style:normal;}.wp-block-kadence-advancedheading.kt-adv-heading7_853894-27 mark.kt-highlight, .wp-block-kadence-advancedheading.kt-adv-heading7_853894-27[data-kb-block=\"kb-adv-heading7_853894-27\"] mark.kt-highlight{font-style:normal;color:#f76a0c;-webkit-box-decoration-break:clone;box-decoration-break:clone;padding-top:0px;padding-right:0px;padding-bottom:0px;padding-left:0px;}.wp-block-kadence-advancedheading.kt-adv-heading7_853894-27 img.kb-inline-image, .wp-block-kadence-advancedheading.kt-adv-heading7_853894-27[data-kb-block=\"kb-adv-heading7_853894-27\"] img.kb-inline-image{width:150px;vertical-align:baseline;}<\/style>\n<h3 class=\"kt-adv-heading7_853894-27 wp-block-kadence-advancedheading\" data-kb-block=\"kb-adv-heading7_853894-27\">Tel\u00e9fono<\/h3>\n\n\n\n<p><a href=\"tel:+351-912-405-592\" data-type=\"tel\" data-id=\"tel:+351-912-405-592\">(+351) 912 405 592<\/a><\/p>\n\n\n<style>.wp-block-kadence-advancedheading.kt-adv-heading7_28b540-8b, .wp-block-kadence-advancedheading.kt-adv-heading7_28b540-8b[data-kb-block=\"kb-adv-heading7_28b540-8b\"]{font-style:normal;}.wp-block-kadence-advancedheading.kt-adv-heading7_28b540-8b mark.kt-highlight, .wp-block-kadence-advancedheading.kt-adv-heading7_28b540-8b[data-kb-block=\"kb-adv-heading7_28b540-8b\"] mark.kt-highlight{font-style:normal;color:#f76a0c;-webkit-box-decoration-break:clone;box-decoration-break:clone;padding-top:0px;padding-right:0px;padding-bottom:0px;padding-left:0px;}.wp-block-kadence-advancedheading.kt-adv-heading7_28b540-8b img.kb-inline-image, .wp-block-kadence-advancedheading.kt-adv-heading7_28b540-8b[data-kb-block=\"kb-adv-heading7_28b540-8b\"] img.kb-inline-image{width:150px;vertical-align:baseline;}<\/style>\n<h3 class=\"kt-adv-heading7_28b540-8b wp-block-kadence-advancedheading\" data-kb-block=\"kb-adv-heading7_28b540-8b\">Email<\/h3>\n\n\n<style>.wp-block-kadence-advancedheading.kt-adv-heading7_a575a5-0a, .wp-block-kadence-advancedheading.kt-adv-heading7_a575a5-0a[data-kb-block=\"kb-adv-heading7_a575a5-0a\"]{font-style:normal;}.wp-block-kadence-advancedheading.kt-adv-heading7_a575a5-0a mark.kt-highlight, .wp-block-kadence-advancedheading.kt-adv-heading7_a575a5-0a[data-kb-block=\"kb-adv-heading7_a575a5-0a\"] mark.kt-highlight{font-style:normal;color:#f76a0c;-webkit-box-decoration-break:clone;box-decoration-break:clone;padding-top:0px;padding-right:0px;padding-bottom:0px;padding-left:0px;}.wp-block-kadence-advancedheading.kt-adv-heading7_a575a5-0a img.kb-inline-image, .wp-block-kadence-advancedheading.kt-adv-heading7_a575a5-0a[data-kb-block=\"kb-adv-heading7_a575a5-0a\"] img.kb-inline-image{width:150px;vertical-align:baseline;}<\/style>\n<p class=\"kt-adv-heading7_a575a5-0a wp-block-kadence-advancedheading\" data-kb-block=\"kb-adv-heading7_a575a5-0a\"><a href=\"mailto:info@zarikahuir.com\">info@zarikahuir.com<\/a><\/p>\n\n\n\n<p><\/p>\n<\/div><\/div>\n\n\n<style>.kadence-column7_afcb2c-42 > .kt-inside-inner-col,.kadence-column7_afcb2c-42 > .kt-inside-inner-col:before{border-top-left-radius:0px;border-top-right-radius:0px;border-bottom-right-radius:0px;border-bottom-left-radius:0px;}.kadence-column7_afcb2c-42 > .kt-inside-inner-col{column-gap:var(--global-kb-gap-sm, 1rem);}.kadence-column7_afcb2c-42 > .kt-inside-inner-col{flex-direction:column;}.kadence-column7_afcb2c-42 > .kt-inside-inner-col > .aligncenter{width:100%;}.kadence-column7_afcb2c-42 > .kt-inside-inner-col:before{opacity:0.3;}.kadence-column7_afcb2c-42{position:relative;}@media all and (max-width: 1024px){.kadence-column7_afcb2c-42 > .kt-inside-inner-col{flex-direction:column;justify-content:center;}}@media all and (max-width: 767px){.kadence-column7_afcb2c-42 > .kt-inside-inner-col{flex-direction:column;justify-content:center;}}<\/style>\n<div class=\"wp-block-kadence-column kadence-column7_afcb2c-42\"><div class=\"kt-inside-inner-col\"><style>.wp-block-kadence-advancedheading.kt-adv-heading7_7eeb53-ba, .wp-block-kadence-advancedheading.kt-adv-heading7_7eeb53-ba[data-kb-block=\"kb-adv-heading7_7eeb53-ba\"]{font-style:normal;}.wp-block-kadence-advancedheading.kt-adv-heading7_7eeb53-ba mark.kt-highlight, .wp-block-kadence-advancedheading.kt-adv-heading7_7eeb53-ba[data-kb-block=\"kb-adv-heading7_7eeb53-ba\"] mark.kt-highlight{font-style:normal;color:#f76a0c;-webkit-box-decoration-break:clone;box-decoration-break:clone;padding-top:0px;padding-right:0px;padding-bottom:0px;padding-left:0px;}.wp-block-kadence-advancedheading.kt-adv-heading7_7eeb53-ba img.kb-inline-image, .wp-block-kadence-advancedheading.kt-adv-heading7_7eeb53-ba[data-kb-block=\"kb-adv-heading7_7eeb53-ba\"] img.kb-inline-image{width:150px;vertical-align:baseline;}<\/style>\n<h3 class=\"kt-adv-heading7_7eeb53-ba wp-block-kadence-advancedheading\" data-kb-block=\"kb-adv-heading7_7eeb53-ba\">Consulta de proyecto gratuita<\/h3>\n\n\n<style>.kadence-form-7_f1b238-1e .kb-form .kadence-blocks-form-field .kb-text-style-field, .kadence-form-7_f1b238-1e .kb-form .kadence-blocks-form-field .kb-select-style-field{font-size:18px;}.kadence-form-7_f1b238-1e .kb-form .kadence-blocks-form-field > label{font-size:var(--global-kb-font-size-sm, 0.9rem);}.kadence-form-7_f1b238-1e .kb-form .kadence-blocks-form-field .kb-forms-submit{border-radius:30px;}.kadence-form-7_f1b238-1e .kb-form .kadence-blocks-form-field .kb-forms-submit{padding-top:12px;padding-right:24px;padding-bottom:12px;padding-left:24px;}.kb-form input.kadence-blocks-field.verify{opacity:0.0;position:absolute;top:0.0;left:0.0;width:0.0;height:0.0;z-index:-1;}<\/style>\n<div class=\"wp-block-kadence-form kadence-form-7_f1b238-1e kb-form-wrap\"><form class=\"kb-form\" action=\"\" method=\"post\"><div class=\"kadence-blocks-form-field kb-field-desk-width-100 kb-input-size-small\"><select name=\"kb_field_0\" id=\"kb_field_7_f1b238-1e_0\" data-label=\"Topic\" type=\"select\" value=\"\" data-type=\"select\" class=\"kb-field kb-select-style-field kb-select-field kb-field-0\" data-required=\"yes\"><option value=\"\" disabled selected>Me gustar\u00eda charlar sobre&#8230;*.<\/option><option value=\"Consulta general\">Consulta general<\/option><option value=\"Consulta sobre consultor\u00eda\">Consulta sobre consultor\u00eda<\/option><option value=\"Oferta de asociaci\u00f3n\">Oferta de asociaci\u00f3n<\/option><option value=\"Solicitud de ponencia\">Solicitud de ponencia<\/option><option value=\"Otros\">Otros<\/option><\/select><\/div><div class=\"kadence-blocks-form-field kb-form-field-1 kb-field-desk-width-50 kb-input-size-small\"><input name=\"kb_field_1\" id=\"kb_field_7_f1b238-1e_1\" data-label=\"Name\" type=\"text\" placeholder=\"Nombre*\" value=\"\" data-type=\"text\" class=\"kb-field kb-text-style-field kb-text-field kb-field-1\"\/><\/div><div class=\"kadence-blocks-form-field kb-form-field-2 kb-field-desk-width-50 kb-input-size-small\"><input name=\"kb_field_2\" id=\"kb_field_7_f1b238-1e_2\" data-label=\"Last name\" type=\"text\" placeholder=\"Apellido*\" value=\"\" data-type=\"text\" class=\"kb-field kb-text-style-field kb-text-field kb-field-2\"\/><\/div><div class=\"kadence-blocks-form-field kb-form-field-3 kb-field-desk-width-100 kb-input-size-small\"><input name=\"kb_field_3\" id=\"kb_field_7_f1b238-1e_3\" data-label=\"Email\" type=\"email\" placeholder=\"Email*\" value=\"\" data-type=\"email\" class=\"kb-field kb-text-style-field kb-email-field kb-field-3\" data-required=\"yes\"\/><\/div><div class=\"kadence-blocks-form-field kb-form-field-4 kb-field-desk-width-100 kb-input-size-small\"><textarea name=\"kb_field_4\" id=\"kb_field_7_f1b238-1e_4\" data-label=\"Message\" type=\"textarea\" placeholder=\"Mensaje* (por favor, s\u00e9 breve)\" data-type=\"textarea\" class=\"kb-field kb-text-style-field kb-textarea-field kb-field-4\" rows=\"4\" data-required=\"yes\"><\/textarea><\/div><div class=\"kadence-blocks-form-field kb-form-field-5 kb-field-desk-width-100 kb-input-size-small kb-accept-form-field\"><input type=\"checkbox\" name=\"kb_field_5\" id=\"kb_field_7_f1b238-1e_5\" class=\"kb-field kb-checkbox-style kb-accept\" value=\"accept\" data-type=\"accept\" data-required=\"yes\"\/><label for=\"kb_field_7_f1b238-1e_5\">Acepto la <a href=\"https:\/\/zarikahuir.com\/es\/politica-de-privacidad\/\" target=\"blank\" rel=\"noopener noreferrer\">Pol\u00edtica de Privacidad<\/a> de Zarik Ahuir.<span class=\"required\">*<\/span><\/label><\/div><input type=\"hidden\" name=\"_kb_form_id\" value=\"7_f1b238-1e\"\/><input type=\"hidden\" name=\"_kb_form_post_id\" value=\"7\"\/><input type=\"hidden\" name=\"action\" value=\"kb_process_ajax_submit\"\/><label class=\"kadence-verify-label\">Email<input class=\"kadence-blocks-field verify\" type=\"text\" name=\"_kb_verify_email\" autocomplete=\"new-password\" aria-hidden=\"true\" placeholder=\"Email\" tabindex=\"-1\" data-1p-ignore=\"true\" data-lpignore=\"true\" \/><\/label><div class=\"kadence-blocks-form-field kb-submit-field kb-field-desk-width-100\"><button class=\"kb-forms-submit button kb-button-size-custom kb-button-width-auto\">Enviar<\/button><\/div><\/form><\/div>\n<noscript><div class=\"kadence-blocks-form-message kadence-blocks-form-warning\">Activar JavaScript en tu navegador para enviar el formulario<\/div><style>.kadence-form-7_f1b238-1e .kadence-blocks-form-field.kb-submit-field { display: none; }<\/style><\/noscript><\/div><\/div>\n\n<\/div><\/div><\/div><\/div>\n\n\n<style>.kadence-column7_b2b561-7f > .kt-inside-inner-col,.kadence-column7_b2b561-7f > .kt-inside-inner-col:before{border-top-left-radius:0px;border-top-right-radius:0px;border-bottom-right-radius:0px;border-bottom-left-radius:0px;}.kadence-column7_b2b561-7f > .kt-inside-inner-col{column-gap:var(--global-kb-gap-sm, 1rem);}.kadence-column7_b2b561-7f > .kt-inside-inner-col{flex-direction:column;}.kadence-column7_b2b561-7f > .kt-inside-inner-col > .aligncenter{width:100%;}.kadence-column7_b2b561-7f > .kt-inside-inner-col:before{opacity:0.3;}.kadence-column7_b2b561-7f{position:relative;}@media all and (max-width: 1024px){.kadence-column7_b2b561-7f > .kt-inside-inner-col{flex-direction:column;justify-content:center;}}@media all and (max-width: 767px){.kadence-column7_b2b561-7f > .kt-inside-inner-col{flex-direction:column;justify-content:center;}}<\/style>\n<div class=\"wp-block-kadence-column kadence-column7_b2b561-7f\"><div class=\"kt-inside-inner-col\"><\/div><\/div>\n\n<\/div><\/div>","protected":false},"excerpt":{"rendered":"<p>\u00bfEn qu\u00e9 puedo ayudarte? Si tienes alguna pregunta o est\u00e1s interesado en trabajar conmigo, rellena el siguiente formulario. Tel\u00e9fono (+351) 912 405 592 Email info@zarikahuir.com Consulta de proyecto gratuita<\/p>\n","protected":false},"author":1,"featured_media":0,"parent":0,"menu_order":0,"comment_status":"closed","ping_status":"closed","template":"","meta":{"_kad_blocks_custom_css":"","_kad_blocks_head_custom_js":"","_kad_blocks_body_custom_js":"","_kad_blocks_footer_custom_js":"","_kadence_starter_templates_imported_post":false,"_kad_post_transparent":"","_kad_post_title":"","_kad_post_layout":"","_kad_post_sidebar_id":"","_kad_post_content_style":"","_kad_post_vertical_padding":"","_kad_post_feature":"","_kad_post_feature_position":"","_kad_post_header":false,"_kad_post_footer":false,"_kad_post_classname":"","footnotes":""},"class_list":["post-7","page","type-page","status-publish","hentry"],"taxonomy_info":[],"featured_image_src_large":false,"author_info":{"display_name":"Zarik Ahuir","author_link":"https:\/\/zarikahuir.com\/es\/author\/zarik-ahuir\/"},"comment_info":0,"_links":{"self":[{"href":"https:\/\/zarikahuir.com\/es\/wp-json\/wp\/v2\/pages\/7","targetHints":{"allow":["GET"]}}],"collection":[{"href":"https:\/\/zarikahuir.com\/es\/wp-json\/wp\/v2\/pages"}],"about":[{"href":"https:\/\/zarikahuir.com\/es\/wp-json\/wp\/v2\/types\/page"}],"author":[{"embeddable":true,"href":"https:\/\/zarikahuir.com\/es\/wp-json\/wp\/v2\/users\/1"}],"replies":[{"embeddable":true,"href":"https:\/\/zarikahuir.com\/es\/wp-json\/wp\/v2\/comments?post=7"}],"version-history":[{"count":8,"href":"https:\/\/zarikahuir.com\/es\/wp-json\/wp\/v2\/pages\/7\/revisions"}],"predecessor-version":[{"id":2704,"href":"https:\/\/zarikahuir.com\/es\/wp-json\/wp\/v2\/pages\/7\/revisions\/2704"}],"wp:attachment":[{"href":"https:\/\/zarikahuir.com\/es\/wp-json\/wp\/v2\/media?parent=7"}],"curies":[{"name":"wp","href":"https:\/\/api.w.org\/{rel}","templated":true}]}}