{"id":59,"date":"2023-10-13T12:12:28","date_gmt":"2023-10-13T10:12:28","guid":{"rendered":"https:\/\/zarikahuir.com\/es\/?page_id=59"},"modified":"2024-05-12T16:21:56","modified_gmt":"2024-05-12T15:21:56","slug":"desarrollo-personal","status":"publish","type":"page","link":"https:\/\/zarikahuir.com\/es\/desarrollo-personal\/","title":{"rendered":"Desarrollo personal"},"content":{"rendered":"<style>.kb-row-layout-id59_991eff-f8 > .kt-row-column-wrap{align-content:start;}:where(.kb-row-layout-id59_991eff-f8 > .kt-row-column-wrap) > .wp-block-kadence-column{justify-content:start;}.kb-row-layout-id59_991eff-f8 > .kt-row-column-wrap{column-gap:var(--global-kb-gap-md, 2rem);row-gap:var(--global-kb-gap-md, 2rem);max-width:var( --global-content-width, 1440px );padding-left:var(--global-content-edge-padding);padding-right:var(--global-content-edge-padding);padding-top:var(--global-kb-spacing-xl, 4rem);padding-bottom:var(--global-kb-spacing-xl, 4rem);grid-template-columns:minmax(0, 1fr);}.kb-row-layout-id59_991eff-f8{background-color:#f6f4f3;}.kb-row-layout-id59_991eff-f8 > .kt-row-layout-overlay{opacity:0.30;}@media all and (max-width: 1024px){.kb-row-layout-id59_991eff-f8 > .kt-row-column-wrap{grid-template-columns:minmax(0, 1fr);}}@media all and (max-width: 767px){.kb-row-layout-id59_991eff-f8 > .kt-row-column-wrap{grid-template-columns:minmax(0, 1fr);}}<\/style><div class=\"kb-row-layout-wrap kb-row-layout-id59_991eff-f8 alignnone kt-row-has-bg wp-block-kadence-rowlayout\"><div class=\"kt-row-column-wrap kt-has-1-columns kt-row-layout-equal kt-tab-layout-inherit kt-mobile-layout-row kt-row-valign-top kb-theme-content-width\">\n<style>.kadence-column59_38f2d1-e8 > .kt-inside-inner-col,.kadence-column59_38f2d1-e8 > .kt-inside-inner-col:before{border-top-left-radius:0px;border-top-right-radius:0px;border-bottom-right-radius:0px;border-bottom-left-radius:0px;}.kadence-column59_38f2d1-e8 > .kt-inside-inner-col{column-gap:var(--global-kb-gap-sm, 1rem);}.kadence-column59_38f2d1-e8 > .kt-inside-inner-col{flex-direction:column;}.kadence-column59_38f2d1-e8 > .kt-inside-inner-col > .aligncenter{width:100%;}.kadence-column59_38f2d1-e8 > .kt-inside-inner-col:before{opacity:0.3;}.kadence-column59_38f2d1-e8{position:relative;}@media all and (max-width: 1024px){.kadence-column59_38f2d1-e8 > .kt-inside-inner-col{flex-direction:column;justify-content:center;}}@media all and (max-width: 767px){.kadence-column59_38f2d1-e8 > .kt-inside-inner-col{flex-direction:column;justify-content:center;}}<\/style>\n<div class=\"wp-block-kadence-column kadence-column59_38f2d1-e8\"><div class=\"kt-inside-inner-col\">\n<h1 class=\"wp-block-heading\">Desarrollo personal<\/h1>\n\n\n<style>.kt-post-loop_0a5016-59 .kadence-post-image{padding-top:0px;padding-right:0px;padding-bottom:0px;padding-left:0px;}.kt-post-loop_0a5016-59 .kt-post-grid-wrap{gap:30px 30px;}.kt-post-loop_0a5016-59 .kt-blocks-post-grid-item{border-top-left-radius:0px;border-top-right-radius:0px;border-bottom-right-radius:0px;border-bottom-left-radius:0px;background-color:var(--global-palette9, #ffffff);overflow:hidden;}.kt-post-loop_0a5016-59 .kt-blocks-post-grid-item .kt-blocks-post-grid-item-inner{padding-top:15px;padding-right:25px;padding-bottom:25px;padding-left:25px;}.kt-post-loop_0a5016-59 .kt-blocks-post-grid-item header{padding-top:0px;padding-right:0px;padding-bottom:10px;padding-left:0px;margin-top:0px;margin-right:0px;margin-bottom:0px;margin-left:0px;}.kt-post-loop_0a5016-59 .kt-blocks-post-grid-item .kt-blocks-above-categories{font-size:12px;letter-spacing:0.5px;text-transform:uppercase;}.kt-post-loop_0a5016-59 .kt-blocks-post-grid-item .entry-title{padding-top:10px;padding-right:0px;padding-bottom:5px;padding-left:0px;margin-top:0px;margin-right:0px;margin-bottom:0px;margin-left:0px;font-size:24px;line-height:30px;}.kt-post-loop_0a5016-59 .kt-blocks-post-grid-item .kt-blocks-post-top-meta{color:#777777;}.kt-post-loop_0a5016-59 .kt-blocks-post-grid-item .kt-blocks-post-top-meta a{color:#777777;}.kt-post-loop_0a5016-59 .kt-blocks-post-grid-item .kt-blocks-post-top-meta a:hover{color:#444444;}.kt-post-loop_0a5016-59 .entry-content{padding-top:0px;padding-right:0px;padding-bottom:0px;padding-left:0px;margin-top:0px;margin-right:0px;margin-bottom:0px;margin-left:0px;}.kt-post-loop_0a5016-59 .kt-blocks-post-footer{color:#777777;border-top-width:0px;border-right-width:0px;border-bottom-width:0px;border-left-width:0px;padding-top:0px;padding-right:0px;padding-bottom:0px;padding-left:0px;margin-top:0px;margin-right:0px;margin-bottom:0px;margin-left:0px;font-size:12px;line-height:20px;}.kt-post-loop_0a5016-59 .entry-content:after{height:0px;}.kt-post-loop_0a5016-59 .kt-blocks-post-footer a{color:#777777;}.kt-post-loop_0a5016-59 .kt-blocks-post-footer a:hover{color:#444444;}.kt-post-loop_0a5016-59 .kb-filter-item{border-top-width:0px;border-right-width:0px;border-bottom-width:2px;border-left-width:0px;padding-top:5px;padding-right:8px;padding-bottom:5px;padding-left:8px;margin-top:0px;margin-right:10px;margin-bottom:0px;margin-left:0px;}<\/style><div class=\"wp-block-kadence-postgrid kt-blocks-post-loop-block alignnone kt-post-loop_0a5016-59 kt-post-grid-layout-grid \"><div class=\"kt-post-grid-layout-grid-wrap kt-post-grid-wrap\" data-columns-xxl=\"3\" data-columns-xl=\"3\" data-columns-md=\"3\" data-columns-sm=\"2\" data-columns-xs=\"1\" data-columns-ss=\"1\"data-item-selector=\".kt-post-masonry-item\" aria-label=\"Post Carousel\"><article class=\"kt-blocks-post-grid-item post-2482 post type-post status-publish format-standard has-post-thumbnail hentry category-blog tag-desarrollo-personal\"><div class=\"kt-blocks-post-grid-item-inner-wrap kt-feat-image-align-top kt-feat-image-mobile-align-top\"><div class=\"kadence-post-image\"><div class=\"kadence-post-image-intrisic kt-image-ratio-66-67\" style=\"padding-bottom:66.67%;\"><div class=\"kadence-post-image-inner-intrisic\"><a aria-hidden=\"true\" tabindex=\"-1\" role=\"presentation\" href=\"https:\/\/zarikahuir.com\/es\/blog\/que-es-el-estoicismo\/\" aria-label=\"Qu\u00e9 es el Estoicismo: Filosof\u00eda, origen, principios y autores\" class=\"kadence-post-image-inner-wrap\"><img loading=\"lazy\" decoding=\"async\" width=\"1000\" height=\"667\" src=\"https:\/\/zarikahuir.com\/es\/wp-content\/uploads\/sites\/4\/2023\/11\/que-es-el-estocismo.jpg\" class=\"attachment-large size-large wp-post-image\" alt=\"Qu\u00e9 es el Estoicismo\" srcset=\"https:\/\/zarikahuir.com\/es\/wp-content\/uploads\/sites\/4\/2023\/11\/que-es-el-estocismo.jpg 1000w, https:\/\/zarikahuir.com\/es\/wp-content\/uploads\/sites\/4\/2023\/11\/que-es-el-estocismo-300x200.jpg 300w, https:\/\/zarikahuir.com\/es\/wp-content\/uploads\/sites\/4\/2023\/11\/que-es-el-estocismo-768x512.jpg 768w\" sizes=\"auto, (max-width: 1000px) 100vw, 1000px\" \/><\/a><\/div><\/div><\/div><div class=\"kt-blocks-post-grid-item-inner\"><header><div class=\"kt-blocks-above-categories\"><a href=\"https:\/\/zarikahuir.com\/es\/category\/blog\/\" class=\"category-link-blog\" rel=\"tag\">Blog<\/a><\/div><h2 class=\"entry-title\"><a href=\"https:\/\/zarikahuir.com\/es\/blog\/que-es-el-estoicismo\/\">Qu\u00e9 es el Estoicismo: Filosof\u00eda, origen, principios y autores<\/a><\/h2><div class=\"kt-blocks-post-top-meta\"><\/div><\/header><div class=\"entry-content\">Conoce qu\u00e9 es el Estoicismo, en qu\u00e9 consiste, sus orgigenes y cu\u00e1les son sus principales autores y obras.<\/div><footer class=\"kt-blocks-post-footer\"><div class=\"kt-blocks-post-footer-left\"><\/div><div class=\"kt-blocks-post-footer-right\"><\/div><\/footer><\/div><\/div><\/article><\/div><\/div><!-- .wp-block-kadence-postgrid --><\/div><\/div>\n\n<\/div><\/div>","protected":false},"excerpt":{"rendered":"<p>Desarrollo personal<\/p>\n","protected":false},"author":1,"featured_media":0,"parent":0,"menu_order":0,"comment_status":"closed","ping_status":"closed","template":"","meta":{"_kad_blocks_custom_css":"","_kad_blocks_head_custom_js":"","_kad_blocks_body_custom_js":"","_kad_blocks_footer_custom_js":"","_kadence_starter_templates_imported_post":false,"_kad_post_transparent":"","_kad_post_title":"","_kad_post_layout":"","_kad_post_sidebar_id":"","_kad_post_content_style":"","_kad_post_vertical_padding":"","_kad_post_feature":"","_kad_post_feature_position":"","_kad_post_header":false,"_kad_post_footer":false,"_kad_post_classname":"","footnotes":""},"class_list":["post-59","page","type-page","status-publish","hentry"],"taxonomy_info":[],"featured_image_src_large":false,"author_info":{"display_name":"Zarik Ahuir","author_link":"https:\/\/zarikahuir.com\/es\/author\/zarik-ahuir\/"},"comment_info":0,"_links":{"self":[{"href":"https:\/\/zarikahuir.com\/es\/wp-json\/wp\/v2\/pages\/59","targetHints":{"allow":["GET"]}}],"collection":[{"href":"https:\/\/zarikahuir.com\/es\/wp-json\/wp\/v2\/pages"}],"about":[{"href":"https:\/\/zarikahuir.com\/es\/wp-json\/wp\/v2\/types\/page"}],"author":[{"embeddable":true,"href":"https:\/\/zarikahuir.com\/es\/wp-json\/wp\/v2\/users\/1"}],"replies":[{"embeddable":true,"href":"https:\/\/zarikahuir.com\/es\/wp-json\/wp\/v2\/comments?post=59"}],"version-history":[{"count":2,"href":"https:\/\/zarikahuir.com\/es\/wp-json\/wp\/v2\/pages\/59\/revisions"}],"predecessor-version":[{"id":2696,"href":"https:\/\/zarikahuir.com\/es\/wp-json\/wp\/v2\/pages\/59\/revisions\/2696"}],"wp:attachment":[{"href":"https:\/\/zarikahuir.com\/es\/wp-json\/wp\/v2\/media?parent=59"}],"curies":[{"name":"wp","href":"https:\/\/api.w.org\/{rel}","templated":true}]}}