{"id":11,"date":"2023-10-13T10:50:30","date_gmt":"2023-10-13T08:50:30","guid":{"rendered":"https:\/\/zarikahuir.com\/es\/?page_id=11"},"modified":"2023-10-18T16:21:14","modified_gmt":"2023-10-18T15:21:14","slug":"terminos-y-condiciones","status":"publish","type":"page","link":"https:\/\/zarikahuir.com\/es\/terminos-y-condiciones\/","title":{"rendered":"T\u00e9rminos y Condiciones"},"content":{"rendered":"<style>.kb-row-layout-id11_9f374f-6b > .kt-row-column-wrap{align-content:start;}:where(.kb-row-layout-id11_9f374f-6b > .kt-row-column-wrap) > .wp-block-kadence-column{justify-content:start;}.kb-row-layout-id11_9f374f-6b > .kt-row-column-wrap{column-gap:var(--global-kb-gap-md, 2rem);row-gap:var(--global-kb-gap-md, 2rem);max-width:var( --global-content-width, 1440px );padding-left:var(--global-content-edge-padding);padding-right:var(--global-content-edge-padding);padding-top:224px;padding-bottom:var(--global-kb-spacing-xl, 4rem);grid-template-columns:minmax(0, 1fr);}.kb-row-layout-id11_9f374f-6b > .kt-row-layout-overlay{opacity:0.30;}@media all and (max-width: 1024px){.kb-row-layout-id11_9f374f-6b > .kt-row-column-wrap{padding-top:226px;grid-template-columns:minmax(0, 1fr);}}@media all and (max-width: 767px){.kb-row-layout-id11_9f374f-6b > .kt-row-column-wrap{padding-top:168px;grid-template-columns:minmax(0, 1fr);}}<\/style><div class=\"kb-row-layout-wrap kb-row-layout-id11_9f374f-6b alignnone wp-block-kadence-rowlayout\"><div class=\"kt-row-column-wrap kt-has-1-columns kt-row-layout-row kt-tab-layout-inherit kt-mobile-layout-row kt-row-valign-top kb-theme-content-width\">\n<style>.kadence-column11_6aa52c-7d > .kt-inside-inner-col,.kadence-column11_6aa52c-7d > .kt-inside-inner-col:before{border-top-left-radius:0px;border-top-right-radius:0px;border-bottom-right-radius:0px;border-bottom-left-radius:0px;}.kadence-column11_6aa52c-7d > .kt-inside-inner-col{column-gap:var(--global-kb-gap-sm, 1rem);}.kadence-column11_6aa52c-7d > .kt-inside-inner-col{flex-direction:column;}.kadence-column11_6aa52c-7d > .kt-inside-inner-col > .aligncenter{width:100%;}.kadence-column11_6aa52c-7d > .kt-inside-inner-col:before{opacity:0.3;}.kadence-column11_6aa52c-7d{position:relative;}@media all and (max-width: 1024px){.kadence-column11_6aa52c-7d > .kt-inside-inner-col{flex-direction:column;justify-content:center;}}@media all and (max-width: 767px){.kadence-column11_6aa52c-7d > .kt-inside-inner-col{flex-direction:column;justify-content:center;}}<\/style>\n<div class=\"wp-block-kadence-column kadence-column11_6aa52c-7d\"><div class=\"kt-inside-inner-col\"><style>.wp-block-kadence-advancedheading.kt-adv-heading11_84cbcb-40, .wp-block-kadence-advancedheading.kt-adv-heading11_84cbcb-40[data-kb-block=\"kb-adv-heading11_84cbcb-40\"]{padding-bottom:var(--global-kb-spacing-xl, 4rem);font-style:normal;}.wp-block-kadence-advancedheading.kt-adv-heading11_84cbcb-40 mark.kt-highlight, .wp-block-kadence-advancedheading.kt-adv-heading11_84cbcb-40[data-kb-block=\"kb-adv-heading11_84cbcb-40\"] mark.kt-highlight{font-style:normal;color:#f76a0c;-webkit-box-decoration-break:clone;box-decoration-break:clone;padding-top:0px;padding-right:0px;padding-bottom:0px;padding-left:0px;}.wp-block-kadence-advancedheading.kt-adv-heading11_84cbcb-40 img.kb-inline-image, .wp-block-kadence-advancedheading.kt-adv-heading11_84cbcb-40[data-kb-block=\"kb-adv-heading11_84cbcb-40\"] img.kb-inline-image{width:150px;vertical-align:baseline;}<\/style>\n<h1 class=\"kt-adv-heading11_84cbcb-40 wp-block-kadence-advancedheading\" data-kb-block=\"kb-adv-heading11_84cbcb-40\">T\u00e9rminos y Condiciones<\/h1>\n\n\n\n<h2 class=\"wp-block-heading\">1. Identificaci\u00f3n del responsable del sitio web<\/h2>\n\n\n\n<p>En virtud de la <a href=\"https:\/\/www.boe.es\/buscar\/act.php?id=BOE-A-1999-23750\" target=\"_blank\" rel=\"noopener\">Ley Org\u00e1nica 15\/1999, de 13 de diciembre<\/a>, de Protecci\u00f3n de Datos de Car\u00e1cter Personal, y de lo dispuesto en la <a href=\"https:\/\/www.boe.es\/buscar\/act.php?id=BOE-A-2002-13758\" target=\"_blank\" rel=\"noopener\">Ley 34\/2002, de 11 de julio<\/a>, de Servicios de la Sociedad de la Informaci\u00f3n y de Comercio Electr\u00f3nico, le hacemos conocedor de que los datos personales que puedan constar en esta comunicaci\u00f3n ser\u00e1n incorporados a un fichero bajo la responsabilidad de ZarikAhuir.com. La finalidad de este sitio web es generar contenidos informativos a disposici\u00f3n de los usuarios para crear canales de informaci\u00f3n, opini\u00f3n y colaboraci\u00f3n.<\/p>\n\n\n\n<p>Tambi\u00e9n puede ponerse en contacto con nosotros enviando un correo electr\u00f3nico a info@zarikahuir.com.<\/p>\n\n\n\n<h2 class=\"wp-block-heading\">2. Finalidad<\/h2>\n\n\n\n<p>El presente AVISO LEGAL regula los derechos y obligaciones de ZarikAhuir.com y de los usuarios en relaci\u00f3n con el acceso, navegaci\u00f3n y uso de este sitio web, sin perjuicio de que ZarikAhuir.com se reserva el derecho a modificar, sin previo aviso, sus contenidos, siendo estos los que se encuentren publicados en el momento preciso de la navegaci\u00f3n.<\/p>\n\n\n\n<p>Por la navegaci\u00f3n, visualizaci\u00f3n y uso de esta p\u00e1gina web, usted adquiere la condici\u00f3n de usuario, y por tanto implica por su parte la aceptaci\u00f3n expresa de todas las cl\u00e1usulas que le indicamos en el presente Aviso Legal, as\u00ed como el resto de advertencias o cl\u00e1usulas espec\u00edficas que se establezcan en los diferentes apartados para la contrataci\u00f3n, uso de servicios, productos, registros, o secciones de la P\u00e1gina.<\/p>\n\n\n\n<p>Por ello, si no acepta las cl\u00e1usulas establecidas en el presente Aviso Legal, deber\u00e1 abstenerse de acceder y\/o utilizar los servicios y\/o contenidos puestos a su disposici\u00f3n en la P\u00e1gina, procediendo a abandonar la misma.<\/p>\n\n\n\n<p>ZarikAhuir.com podr\u00e1 dar por terminado, suspender o interrumpir, en cualquier momento sin necesidad de preaviso, el acceso a los contenidos de la p\u00e1gina, sin posibilidad por parte del Usuario de exigir indemnizaci\u00f3n alguna.<\/p>\n\n\n\n<h2 class=\"wp-block-heading\">3. Acceso a la p\u00e1gina web<\/h2>\n\n\n\n<p>Como usuario de nuestra p\u00e1gina web se obliga a no utilizar la P\u00e1gina para la realizaci\u00f3n de actividades contrarias a las leyes, a la moral, al orden p\u00fablico y, en general, a hacer un uso conforme a las condiciones establecidas en el presente Aviso Legal. Asimismo, se obliga a no realizar actividades publicitarias o de explotaci\u00f3n comercial remitiendo mensajes que utilicen una identidad falsa.<\/p>\n\n\n\n<p>ZarikAhuir.com act\u00faa exclusivamente como responsable de la P\u00e1gina en su condici\u00f3n de prestador de un servicio de informaci\u00f3n y contenidos, bien en sus propios servicios, bien en servicios de terceros con los que haya suscrito acuerdos, no haci\u00e9ndose responsable de los contenidos que, en contravenci\u00f3n de las presentes condiciones, los usuarios pudieran enviar o publicar, siendo el usuario el \u00fanico responsable de su veracidad y licitud.<\/p>\n\n\n\n<p>ZarikAhuir.com podr\u00e1 interrumpir el servicio de la P\u00e1gina que est\u00e9 siendo utilizado por el usuario y resolver de modo inmediato la relaci\u00f3n con el usuario si detecta un uso de la P\u00e1gina o de cualquiera de los servicios que en el mismo se ofertan que pueda considerar contrario a lo expresado en el presente Aviso Legal.<\/p>\n\n\n\n<p>El contenido de los servicios ofrecidos y su uso est\u00e1n limitados a usuarios mayores de 18 a\u00f1os. ZarikAhuir.com recuerda a los usuarios mayores de edad, que tengan a su cargo menores, que ser\u00e1 de su exclusiva responsabilidad determinar qu\u00e9 servicios y\/o contenidos son no apropiados para la edad de estos \u00faltimos. En el supuesto de que se produzca el acceso y registro de un menor de edad, se presumir\u00e1 que dicho acceso se ha producido con la autorizaci\u00f3n previa y expresa de sus padres, tutores o representantes legales, reserv\u00e1ndose ZarikAhuir.com el derecho a efectuar cuantas comprobaciones y verificaciones estime oportunas a este respecto.<\/p>\n\n\n\n<p>ZarikAhuir.com le informa que existen programas inform\u00e1ticos que permiten filtrar y bloquear el acceso a determinados contenidos y servicios, de tal forma que los padres o tutores, por ejemplo, pueden decidir cu\u00e1les son los contenidos y servicios de Internet a los que los menores pueden tener acceso y cu\u00e1les no.<\/p>\n\n\n\n<p>En ning\u00fan caso ZarikAhuir.com responder\u00e1 de la veracidad de los datos facilitados por los usuarios, por lo que cada uno de ellos ser\u00e1 el \u00fanico responsable de que la informaci\u00f3n facilitada a ZarikAhuir.com sea adecuada, exacta, actualizada y precisa o, en caso contrario, de las posibles consecuencias que pudieran derivarse de la falta de calidad y veracidad de los datos.<\/p>\n\n\n\n<h2 class=\"wp-block-heading\">4. Propiedad intelectual e industrial<\/h2>\n\n\n\n<p>La totalidad de esta P\u00e1gina: texto, im\u00e1genes, marcas, gr\u00e1ficos, logotipos, botones, archivos de software, combinaciones de colores, as\u00ed como la estructura, selecci\u00f3n, ordenaci\u00f3n y presentaci\u00f3n de sus contenidos, se encuentra protegida por las leyes sobre Propiedad Intelectual e Industrial, quedando prohibida su reproducci\u00f3n, distribuci\u00f3n, comunicaci\u00f3n p\u00fablica y transformaci\u00f3n, salvo para uso personal y privado.<\/p>\n\n\n\n<p>ZarikAhuir.com no garantiza que los contenidos sean precisos o libres de error o que el libre uso de los mismos por el usuario no infrinja los derechos de terceras partes. El buen o mal uso de esta p\u00e1gina y de sus contenidos queda bajo la responsabilidad del usuario.<\/p>\n\n\n\n<p>Asimismo, queda prohibida la reproducci\u00f3n, retransmisi\u00f3n, copia, cesi\u00f3n o redistribuci\u00f3n total o parcial de la informaci\u00f3n contenida en la P\u00e1gina, cualquiera que fuera su finalidad y el medio utilizado para ello, sin autorizaci\u00f3n previa de ZarikAhuir.com.<\/p>\n\n\n\n<h2 class=\"wp-block-heading\">5. Enlaces<\/h2>\n\n\n\n<p>Como se ha indicado anteriormente, nuestra p\u00e1gina, adem\u00e1s de enlaces de productos, puede incluir enlaces o links a p\u00e1ginas de terceros. Reiteramos que las p\u00e1ginas pertenecientes a estos terceros no han sido revisadas ni son objeto de controles por parte de ZarikAhuir.com, por lo que ZarikAhuir.com no puede hacerse responsable de los contenidos de estos sitios web, ni de las medidas que se adopten relativas a su privacidad. ni al tratamiento de sus datos de car\u00e1cter personal u otros que pudieran derivarse.<\/p>\n\n\n\n<p>ZarikAhuir.com recomienda la lectura detenida de las condiciones de uso, pol\u00edtica de privacidad, avisos legales y\/o similares de estos sitios.<\/p>\n\n\n\n<p>En caso de estar interesado en activar un enlace a alguna de las p\u00e1ginas de ZarikAhuir.com deber\u00e1 comunicarlo, obteniendo el consentimiento expreso para crear el enlace. ZarikAhuir.com se reserva el derecho de oposici\u00f3n a la activaci\u00f3n de enlaces con su p\u00e1gina web.<\/p>\n\n\n\n<h2 class=\"wp-block-heading\">6. Limitaci\u00f3n de responsabilidad<\/h2>\n\n\n\n<p><strong>ZarikAhuir.com no ser\u00e1 responsable directa o indirectamente de:<\/strong><\/p>\n\n\n\n<ul class=\"wp-block-list\">\n<li>La calidad del servicio, la velocidad de acceso, el correcto funcionamiento, la disponibilidad o continuidad del Sitio Web.<\/li>\n\n\n\n<li>Los da\u00f1os que puedan causarse en los equipos del usuario por la utilizaci\u00f3n de la P\u00e1gina.<\/li>\n\n\n\n<li>Los supuestos en que un tercero, quebrantando las medidas de seguridad establecidas, acceda a los mensajes o los utilice para la remisi\u00f3n de virus inform\u00e1ticos.<\/li>\n\n\n\n<li>Los vicios y defectos de toda clase de los contenidos transmitidos, difundidos, almacenados o puestos a disposici\u00f3n.<\/li>\n\n\n\n<li>La licitud, fiabilidad y utilidad de los contenidos que los usuarios transmitan con la utilizaci\u00f3n de la p\u00e1gina o de los servicios en \u00e9l ofertados, as\u00ed como tampoco su veracidad o exactitud. ZarikAhuir.com no controla la utilizaci\u00f3n que los usuarios hacen de la P\u00e1gina, ni garantiza que lo hagan conforme a lo establecido en el presente Aviso Legal.<\/li>\n<\/ul>\n\n\n\n<p><strong>A t\u00edtulo enunciativo y no limitativo, el usuario ser\u00e1 responsable de<\/strong><\/p>\n\n\n\n<ul class=\"wp-block-list\">\n<li>De los contenidos introducidos por ellos, especialmente de los datos e informaciones introducidos y enviados a la Empresa a trav\u00e9s de la P\u00e1gina o en la P\u00e1gina.<\/li>\n\n\n\n<li>De llevar a cabo cualquier tipo de actuaci\u00f3n en las p\u00e1ginas de terceros, o actuaciones il\u00edcitas, lesivas de derechos, nocivas y\/o perjudiciales.<\/li>\n\n\n\n<li>El incumplimiento de cualquiera de las anteriores obligaciones por parte del usuario podr\u00e1 conllevar la adopci\u00f3n de las medidas oportunas amparadas en Derecho y en el ejercicio de sus derechos u obligaciones, pudiendo ZarikAhuir.com llegar a la eliminaci\u00f3n o bloqueo de la cuenta del usuario infractor, sin posibilidad de indemnizaci\u00f3n alguna por los da\u00f1os y perjuicios causados.<\/li>\n<\/ul>\n\n\n\n<h2 class=\"wp-block-heading\">7. Pol\u00edtica de privacidad y protecci\u00f3n de datos<\/h2>\n\n\n\n<p>De conformidad con lo establecido en la Ley Org\u00e1nica 15\/1999, de 13 de diciembre, de Protecci\u00f3n de Datos de Car\u00e1cter Personal, todos los datos personales facilitados durante la utilizaci\u00f3n de nuestra p\u00e1gina ser\u00e1n tratados conforme a lo dispuesto en la <a href=\"https:\/\/zarikahuir.com\/es\/politica-de-privacidad\">Pol\u00edtica de Privacidad<\/a> que todo usuario debe aceptar expresamente antes de facilitar sus datos personales a trav\u00e9s de los distintos formularios puestos a su disposici\u00f3n en las secciones de nuestra p\u00e1gina.<\/p>\n\n\n\n<p>ZarikAhuir.com adopta las medidas de \u00edndole t\u00e9cnica y organizativa necesarias para garantizar la seguridad de los datos de car\u00e1cter personal contenidos, con el fin de evitar su alteraci\u00f3n, p\u00e9rdida, tratamiento o acceso no autorizado, habida cuenta del estado de la tecnolog\u00eda, la naturaleza de los datos y los riesgos a que est\u00e1n expuestos, y gestiona adecuadamente su entorno de servidores, disponiendo de una infraestructura firewall de estricto cumplimiento.<\/p>\n\n\n\n<p>Puede ejercitar los derechos de acceso, rectificaci\u00f3n, oposici\u00f3n y cancelaci\u00f3n enviando un correo electr\u00f3nico a: info@zarikahuir.com, indicando en el encabezamiento: PROTECCI\u00d3N DE DATOS.<\/p>\n\n\n\n<p>El usuario ser\u00e1 el \u00fanico responsable de la veracidad de los datos facilitados a ZarikAhuir.com.<\/p>\n\n\n\n<h2 class=\"wp-block-heading\">8. Pol\u00edtica de cookies<\/h2>\n\n\n\n<p>De conformidad con lo establecido en la legislaci\u00f3n vigente en materia de uso de cookies, el uso de cookies ser\u00e1 tratado de conformidad con lo dispuesto en el apartado denominado Pol\u00edtica de Cookies existente en el presente documento y que todo usuario debe leer, aceptar. y\/o limitar durante su navegaci\u00f3n, tal y como se informa expresamente en el banner sobre cookies de nuestra p\u00e1gina web y en la informaci\u00f3n adicional que se muestra sobre el uso de cookies en la misma. Pudiendo el usuario limitar la descarga de COOKIES<strong> <\/strong>desde las opciones del navegador.<\/p>\n\n\n\n<h2 class=\"wp-block-heading\">9. Legislaci\u00f3n aplicable y jurisdicci\u00f3n competente<\/h2>\n\n\n\n<p>El presente Aviso Legal est\u00e1 redactado en castellano, y se somete a la legislaci\u00f3n espa\u00f1ola vigente, que ser\u00e1 de aplicaci\u00f3n en lo no dispuesto en el presente en materia de interpretaci\u00f3n, validez y ejecuci\u00f3n. ZarikAhuir.com y el Usuario, con renuncia expresa a cualquier otro fuero, se someten al de los Juzgados y Tribunales del domicilio del Usuario para cualquier controversia que pudiera derivarse. En el caso de que el Usuario tenga su domicilio fuera de Espa\u00f1a, ZarikAhuir.com y el Usuario se someten, con renuncia expresa a cualquier otro fuero, a los juzgados y tribunales de Barcelona, Espa\u00f1a.<\/p>\n\n\n\n<p>Utilizamos cookies propias y de terceros para ofrecer nuestros servicios, recoger informaci\u00f3n estad\u00edstica e incluir publicidad. Si contin\u00faa navegando, acepta su instalaci\u00f3n y uso. Puede cambiar la configuraci\u00f3n u obtener m\u00e1s informaci\u00f3n en nuestra <a href=\"https:\/\/zarikahuir.com\/es\/politica-de-privacidad\/\" data-type=\"page\" data-id=\"3\">Pol\u00edtica de Privacidad<\/a>.<\/p>\n<\/div><\/div>\n\n<\/div><\/div>","protected":false},"excerpt":{"rendered":"<p>T\u00e9rminos y Condiciones 1. Identificaci\u00f3n del responsable del sitio web En virtud de la Ley Org\u00e1nica 15\/1999, de 13 de diciembre, de Protecci\u00f3n de Datos de Car\u00e1cter Personal, y de lo dispuesto en la Ley 34\/2002, de 11 de julio, de Servicios de la Sociedad de la Informaci\u00f3n y de Comercio Electr\u00f3nico, le hacemos conocedor&#8230;<\/p>\n","protected":false},"author":1,"featured_media":0,"parent":0,"menu_order":0,"comment_status":"closed","ping_status":"closed","template":"","meta":{"_kad_blocks_custom_css":"","_kad_blocks_head_custom_js":"","_kad_blocks_body_custom_js":"","_kad_blocks_footer_custom_js":"","_kadence_starter_templates_imported_post":false,"_kad_post_transparent":"","_kad_post_title":"","_kad_post_layout":"","_kad_post_sidebar_id":"","_kad_post_content_style":"","_kad_post_vertical_padding":"","_kad_post_feature":"","_kad_post_feature_position":"","_kad_post_header":false,"_kad_post_footer":false,"_kad_post_classname":"","footnotes":""},"class_list":["post-11","page","type-page","status-publish","hentry"],"taxonomy_info":[],"featured_image_src_large":false,"author_info":{"display_name":"Zarik Ahuir","author_link":"https:\/\/zarikahuir.com\/es\/author\/zarik-ahuir\/"},"comment_info":0,"_links":{"self":[{"href":"https:\/\/zarikahuir.com\/es\/wp-json\/wp\/v2\/pages\/11","targetHints":{"allow":["GET"]}}],"collection":[{"href":"https:\/\/zarikahuir.com\/es\/wp-json\/wp\/v2\/pages"}],"about":[{"href":"https:\/\/zarikahuir.com\/es\/wp-json\/wp\/v2\/types\/page"}],"author":[{"embeddable":true,"href":"https:\/\/zarikahuir.com\/es\/wp-json\/wp\/v2\/users\/1"}],"replies":[{"embeddable":true,"href":"https:\/\/zarikahuir.com\/es\/wp-json\/wp\/v2\/comments?post=11"}],"version-history":[{"count":5,"href":"https:\/\/zarikahuir.com\/es\/wp-json\/wp\/v2\/pages\/11\/revisions"}],"predecessor-version":[{"id":2389,"href":"https:\/\/zarikahuir.com\/es\/wp-json\/wp\/v2\/pages\/11\/revisions\/2389"}],"wp:attachment":[{"href":"https:\/\/zarikahuir.com\/es\/wp-json\/wp\/v2\/media?parent=11"}],"curies":[{"name":"wp","href":"https:\/\/api.w.org\/{rel}","templated":true}]}}